{"id":4048,"date":"2023-03-16T19:41:51","date_gmt":"2023-03-16T17:41:51","guid":{"rendered":"https:\/\/slopemower.eu\/%d0%b1%d0%bb%d0%be%d0%b3\/"},"modified":"2023-09-22T20:22:29","modified_gmt":"2023-09-22T17:22:29","slug":"%d0%b1%d0%bb%d0%be%d0%b3","status":"publish","type":"page","link":"https:\/\/slopemower.eu\/ru\/%d0%b1%d0%bb%d0%be%d0%b3\/","title":{"rendered":"\u0411\u043b\u043e\u0433"},"content":{"rendered":"\t\t<div data-elementor-type=\"wp-page\" data-elementor-id=\"4048\" class=\"elementor elementor-4048 elementor-1182\">\n\t\t\t\t\t\t<section class=\"elementor-section elementor-top-section elementor-element elementor-element-6a66ecdc elementor-section-boxed elementor-section-height-default elementor-section-height-default exad-glass-effect-no exad-sticky-section-no\" data-id=\"6a66ecdc\" data-element_type=\"section\" data-e-type=\"section\">\n\t\t\t\t\t\t<div class=\"elementor-container elementor-column-gap-default\">\n\t\t\t\t\t<div class=\"aux-parallax-section elementor-column elementor-col-100 elementor-top-column elementor-element elementor-element-3fb65f8 exad-glass-effect-no exad-sticky-section-no\" data-id=\"3fb65f8\" data-element_type=\"column\" data-e-type=\"column\">\n\t\t\t<div class=\"elementor-widget-wrap elementor-element-populated\">\n\t\t\t\t\t\t<div class=\"elementor-element elementor-element-6bca7ed exad-sticky-section-no exad-glass-effect-no elementor-widget elementor-widget-heading\" data-id=\"6bca7ed\" data-element_type=\"widget\" data-e-type=\"widget\" data-widget_type=\"heading.default\">\n\t\t\t\t<div class=\"elementor-widget-container\">\n\t\t\t\t\t<h2 class=\"elementor-heading-title elementor-size-default\">\u0421\u043e\u043e\u0431\u0449\u0435\u043d\u0438\u044f \u0432 \u0431\u043b\u043e\u0433\u0435<\/h2>\t\t\t\t<\/div>\n\t\t\t\t<\/div>\n\t\t\t\t\t<\/div>\n\t\t<\/div>\n\t\t\t\t\t<\/div>\n\t\t<\/section>\n\t\t\t\t<section class=\"elementor-section elementor-top-section elementor-element elementor-element-c10b03f elementor-section-boxed elementor-section-height-default elementor-section-height-default exad-glass-effect-no exad-sticky-section-no\" data-id=\"c10b03f\" data-element_type=\"section\" data-e-type=\"section\">\n\t\t\t\t\t\t<div class=\"elementor-container elementor-column-gap-default\">\n\t\t\t\t\t<div class=\"aux-parallax-section elementor-column elementor-col-100 elementor-top-column elementor-element elementor-element-4968f3c exad-glass-effect-no exad-sticky-section-no\" data-id=\"4968f3c\" data-element_type=\"column\" data-e-type=\"column\">\n\t\t\t<div class=\"elementor-widget-wrap elementor-element-populated\">\n\t\t\t\t\t\t<div class=\"elementor-element elementor-element-f057da3 exad-sticky-section-no exad-glass-effect-no elementor-widget elementor-widget-aux_recent_posts_masonry\" data-id=\"f057da3\" data-element_type=\"widget\" data-e-type=\"widget\" data-settings=\"{&quot;columns&quot;:&quot;4&quot;,&quot;columns_tablet&quot;:&quot;inherit&quot;,&quot;columns_mobile&quot;:&quot;1&quot;}\" data-widget_type=\"aux_recent_posts_masonry.default\">\n\t\t\t\t<div class=\"elementor-widget-container\">\n\t\t\t\t\t<section class=\"widget-container aux-widget-recent-posts-masonry aux-column-post-entry aux-parent-au6eb3b101\"><div data-element-id=\"au6eb3b101\" class=\"aux-masonry-layout  aux-de-col4 aux-tb-col4 aux-mb-col1 aux-ajax-view \"><div class=\"aux-col aux-post-masonry post-4123\">\n                        <article class=\"post column-entry post-4123 type-post status-publish format-standard has-post-thumbnail hentry category-32\">\n                                                        <div class=\"entry-media\"><div class=\"aux-media-frame aux-media-image aux-image-mask\"><a href=\"https:\/\/slopemower.eu\/ru\/%d0%b2%d0%b8%d0%b4%d0%b5%d0%be-%d1%81-%d0%b4%d0%b5%d0%bc%d0%be%d0%bd%d1%81%d1%82%d1%80%d0%b0%d1%86%d0%b8%d0%be%d0%bd%d0%bd%d0%be%d0%b3%d0%be-%d0%b4%d0%bd%d1%8f-%d0%b2-%d1%8d%d1%81%d1%82%d0%be%d0%bd\/\"><img decoding=\"async\" src=\"https:\/\/slopemower.eu\/wp-content\/uploads\/2023\/06\/1-1024x768.jpg\" class=\"aux-attachment aux-featured-image attachment-1024x1024 aux-attachment-id-3953 \" alt=\"1\" srcset=\"https:\/\/slopemower.eu\/wp-content\/uploads\/2023\/06\/1-150x113.jpg 150w,https:\/\/slopemower.eu\/wp-content\/uploads\/2023\/06\/1-300x225.jpg 300w,https:\/\/slopemower.eu\/wp-content\/uploads\/2023\/06\/1-768x576.jpg 768w,https:\/\/slopemower.eu\/wp-content\/uploads\/2023\/06\/1-1024x768.jpg 1024w,https:\/\/slopemower.eu\/wp-content\/uploads\/2023\/06\/1-1024x768.jpg 1024w,https:\/\/slopemower.eu\/wp-content\/uploads\/2023\/06\/1-2006x2006.jpg 2006w\" data-ratio=\"1\" data-original-w=\"2016\" sizes=\"(max-width:479px) 480px,(max-width:767px) 768px,(max-width:1023px) 1024px,1024px\" \/><\/a><\/div><\/div>\n                            \n                            <div class=\"entry-main\">\n                                                        \n                                <header class=\"entry-header\">\n                                \n                                    <h4 class=\"entry-title\">\n                                        <a href=\"https:\/\/slopemower.eu\/ru\/%d0%b2%d0%b8%d0%b4%d0%b5%d0%be-%d1%81-%d0%b4%d0%b5%d0%bc%d0%be%d0%bd%d1%81%d1%82%d1%80%d0%b0%d1%86%d0%b8%d0%be%d0%bd%d0%bd%d0%be%d0%b3%d0%be-%d0%b4%d0%bd%d1%8f-%d0%b2-%d1%8d%d1%81%d1%82%d0%be%d0%bd\/\">\n                                            \u0412\u0418\u0414\u0415\u041e \u0441 \u0434\u0435\u043c\u043e\u043d\u0441\u0442\u0440\u0430\u0446\u0438\u043e\u043d\u043d\u043e\u0433\u043e \u0434\u043d\u044f \u0432 \u042d\u0441\u0442\u043e\u043d\u0438\u0438 13.06.2023                                        <\/a>\n                                    <\/h4>\n                                                                    <div class=\"entry-format\">\n                                        <a href=\"https:\/\/slopemower.eu\/ru\/%d0%b2%d0%b8%d0%b4%d0%b5%d0%be-%d1%81-%d0%b4%d0%b5%d0%bc%d0%be%d0%bd%d1%81%d1%82%d1%80%d0%b0%d1%86%d0%b8%d0%be%d0%bd%d0%bd%d0%be%d0%b3%d0%be-%d0%b4%d0%bd%d1%8f-%d0%b2-%d1%8d%d1%81%d1%82%d0%be%d0%bd\/\">\n                                            <div class=\"post-format format-\"> <\/div>\n                                        <\/a>\n                                    <\/div>\n                                <\/header>\n                                                            \n                                <div class=\"entry-info\">\n                                                                    <div class=\"entry-date\">\n                                        <a href=\"https:\/\/slopemower.eu\/ru\/%d0%b2%d0%b8%d0%b4%d0%b5%d0%be-%d1%81-%d0%b4%d0%b5%d0%bc%d0%be%d0%bd%d1%81%d1%82%d1%80%d0%b0%d1%86%d0%b8%d0%be%d0%bd%d0%bd%d0%be%d0%b3%d0%be-%d0%b4%d0%bd%d1%8f-%d0%b2-%d1%8d%d1%81%d1%82%d0%be%d0%bd\/\">\n                                            <time datetime=\"2023-06-27T04:35:20+03:00\" title=\"2023-06-27T04:35:20+03:00\" >27.06.2023<\/time>\n                                        <\/a>\n                                    <\/div>\n                                                                                                                                                                                                        <\/div>\n                            \n                                                            <div class=\"entry-content\">\n                                                                            <p>\n\n\u041c\u044b \u0431\u043b\u0430\u0433\u043e\u0434\u0430\u0440\u0438\u043c \u0432\u0441\u0435\u0445 \u0443\u0447\u0430\u0441\u0442\u043d\u0438\u043a\u043e\u0432 \u0434\u0435\u043c\u043e-\u0434\u043d\u044f \u0438, \u043a\u043e\u043d\u0435\u0447\u043d\u043e \u0436\u0435, \u0412\u0438\u043b\u044c\u044f\u0440\u0430, \u0441\u043e\u0437\u0434\u0430\u0442\u0435\u043b\u044f \u0432\u0438\u0434\u0435\u043e\u043e\u0442\u0447\u0435\u0442\u0430!\n\n\u0414\u043e \u0441\u043b\u0435\u0434\u0443\u044e\u0449\u0438\u0445 \u0432\u0441\u0442\u0440\u0435\u0447!\n\n\u0412\u0430\u0441 \u0438\u043d\u0442\u0435\u0440\u0435\u0441\u0443\u044e\u0442 \u043d\u0430\u043a\u043b\u043e\u043d\u043d\u044b\u0435 \u043a\u043e\u0441\u0438\u043b\u043a\u0438 Barbieri? \u041d\u0435 \u0441\u0442\u0435\u0441\u043d\u044f\u0439\u0442\u0435\u0441\u044c \u0437\u0430\u043f\u0440\u0430\u0448\u0438\u0432\u0430\u0442\u044c \u0434\u043e\u043f\u043e\u043b\u043d\u0438\u0442\u0435\u043b\u044c\u043d\u0443\u044e \u0438\u043d\u0444\u043e\u0440\u043c\u0430\u0446\u0438\u044e \u0438\u043b\u0438 \u043f\u0440\u0435\u0434\u043b\u043e\u0436\u0435\u043d ...<\/p><div class=\"clear\"><\/div>                                <\/div>\n                                                        \n                            <\/div>\n\n                        <\/article>\n<\/div><\/div><\/section><!-- widget-container -->\t\t\t\t<\/div>\n\t\t\t\t<\/div>\n\t\t\t\t\t<\/div>\n\t\t<\/div>\n\t\t\t\t\t<\/div>\n\t\t<\/section>\n\t\t\t\t<\/div>\n\t\t","protected":false},"excerpt":{"rendered":"<p>\u0421\u043e\u043e\u0431\u0449\u0435\u043d\u0438\u044f \u0432 \u0431\u043b\u043e\u0433\u0435 13.juuli Barbieri n\u00f5lva- ja hooldusniidukite demop\u00e4ev juuli 2023 L\u00e4tis 23. juuli 2023 | Edit Demo toimus neljap\u00e4eval 13.juuli. Demonstreerisime Dreili\u0146kalnsil (rahvasuus tuntud kui kohana &#171;U\u0161akova kepka&#187;) kaugjuhitavaid n\u00f5lvaniidukeid Barbieri (Itaalia) ja Weidemann laadureid koos niiduki-mult\u0161i ja harjaga. N &#8230; P\u00e4ikeseparkide ja p\u00e4ikesepaneelide ala hooldus 30. juuni 2023 | Edit Et p\u00e4ikeseenergia tootlikkus [&hellip;]<\/p>\n","protected":false},"author":1,"featured_media":0,"parent":0,"menu_order":0,"comment_status":"closed","ping_status":"closed","template":"","meta":{"footnotes":""},"class_list":["post-4048","page","type-page","status-publish","hentry"],"_links":{"self":[{"href":"https:\/\/slopemower.eu\/ru\/wp-json\/wp\/v2\/pages\/4048","targetHints":{"allow":["GET"]}}],"collection":[{"href":"https:\/\/slopemower.eu\/ru\/wp-json\/wp\/v2\/pages"}],"about":[{"href":"https:\/\/slopemower.eu\/ru\/wp-json\/wp\/v2\/types\/page"}],"author":[{"embeddable":true,"href":"https:\/\/slopemower.eu\/ru\/wp-json\/wp\/v2\/users\/1"}],"replies":[{"embeddable":true,"href":"https:\/\/slopemower.eu\/ru\/wp-json\/wp\/v2\/comments?post=4048"}],"version-history":[{"count":6,"href":"https:\/\/slopemower.eu\/ru\/wp-json\/wp\/v2\/pages\/4048\/revisions"}],"predecessor-version":[{"id":4458,"href":"https:\/\/slopemower.eu\/ru\/wp-json\/wp\/v2\/pages\/4048\/revisions\/4458"}],"wp:attachment":[{"href":"https:\/\/slopemower.eu\/ru\/wp-json\/wp\/v2\/media?parent=4048"}],"curies":[{"name":"wp","href":"https:\/\/api.w.org\/{rel}","templated":true}]}}