{"id":2517,"date":"2023-03-10T18:46:32","date_gmt":"2023-03-10T16:46:32","guid":{"rendered":"https:\/\/slopemower.eu\/xrot95evo\/"},"modified":"2023-09-22T20:41:55","modified_gmt":"2023-09-22T17:41:55","slug":"xrot95evo","status":"publish","type":"page","link":"https:\/\/slopemower.eu\/lv\/xrot95evo\/","title":{"rendered":"xrot95evo"},"content":{"rendered":"\t\t<div data-elementor-type=\"wp-page\" data-elementor-id=\"2517\" class=\"elementor elementor-2517 elementor-722\">\n\t\t\t\t\t\t<section class=\"elementor-section elementor-top-section elementor-element elementor-element-1e445d09 elementor-section-boxed elementor-section-height-default elementor-section-height-default exad-glass-effect-no exad-sticky-section-no\" data-id=\"1e445d09\" data-element_type=\"section\" data-e-type=\"section\">\n\t\t\t\t\t\t<div class=\"elementor-container elementor-column-gap-no\">\n\t\t\t\t\t<div class=\"aux-parallax-section elementor-column elementor-col-100 elementor-top-column elementor-element elementor-element-2d82a75a aux-appear-watch-animation aux-scale-down exad-glass-effect-no exad-sticky-section-no\" data-id=\"2d82a75a\" data-element_type=\"column\" data-e-type=\"column\" data-settings=\"{&quot;background_background&quot;:&quot;gradient&quot;}\">\n\t\t\t<div class=\"elementor-widget-wrap elementor-element-populated\">\n\t\t\t\t\t<div class=\"elementor-background-overlay\"><\/div>\n\t\t\t\t\t\t<div class=\"elementor-element elementor-element-311e492d exad-sticky-section-no exad-glass-effect-no elementor-invisible elementor-widget elementor-widget-image\" data-id=\"311e492d\" data-element_type=\"widget\" data-e-type=\"widget\" data-settings=\"{&quot;_animation&quot;:&quot;fadeInUp&quot;}\" data-widget_type=\"image.default\">\n\t\t\t\t<div class=\"elementor-widget-container\">\n\t\t\t\t\t\t\t\t\t\t\t\t\t\t\t<img decoding=\"async\" src=\"https:\/\/slopemower.eu\/wp-content\/uploads\/2023\/02\/barbieri_group_logo_black.png\" title=\"barbieri_group_logo_black\" alt=\"barbieri_group_logo_black\" loading=\"lazy\" \/>\t\t\t\t\t\t\t\t\t\t\t\t\t\t\t<\/div>\n\t\t\t\t<\/div>\n\t\t\t\t<section class=\"elementor-section elementor-inner-section elementor-element elementor-element-6bc0cf6f elementor-section-height-min-height elementor-section-boxed elementor-section-height-default exad-glass-effect-no exad-sticky-section-no\" data-id=\"6bc0cf6f\" data-element_type=\"section\" data-e-type=\"section\" data-settings=\"{&quot;background_background&quot;:&quot;gradient&quot;}\">\n\t\t\t\t\t\t<div class=\"elementor-container elementor-column-gap-no\">\n\t\t\t\t\t<div class=\"aux-parallax-section elementor-column elementor-col-100 elementor-inner-column elementor-element elementor-element-6ecaddce exad-glass-effect-no exad-sticky-section-no\" data-id=\"6ecaddce\" data-element_type=\"column\" data-e-type=\"column\">\n\t\t\t<div class=\"elementor-widget-wrap elementor-element-populated\">\n\t\t\t\t\t\t<div class=\"elementor-element elementor-element-2b4c4c49 aux-appear-watch-animation aux-scale-down exad-sticky-section-no exad-glass-effect-no elementor-widget elementor-widget-aux_modern_heading\" data-id=\"2b4c4c49\" data-element_type=\"widget\" data-e-type=\"widget\" data-widget_type=\"aux_modern_heading.default\">\n\t\t\t\t<div class=\"elementor-widget-container\">\n\t\t\t\t\t<section class=\"aux-widget-modern-heading\">\n            <div class=\"aux-widget-inner\"><h2 class=\"aux-modern-heading-primary\">X ROT 95-EVO<\/h2><\/div>\n        <\/section>\t\t\t\t<\/div>\n\t\t\t\t<\/div>\n\t\t\t\t\t<\/div>\n\t\t<\/div>\n\t\t\t\t\t<\/div>\n\t\t<\/section>\n\t\t\t\t\t<\/div>\n\t\t<\/div>\n\t\t\t\t\t<\/div>\n\t\t<\/section>\n\t\t\t\t<section class=\"elementor-section elementor-top-section elementor-element elementor-element-71634964 elementor-section-boxed elementor-section-height-default elementor-section-height-default exad-glass-effect-no exad-sticky-section-no\" data-id=\"71634964\" data-element_type=\"section\" data-e-type=\"section\">\n\t\t\t\t\t\t<div class=\"elementor-container elementor-column-gap-default\">\n\t\t\t\t\t<div class=\"aux-parallax-section elementor-column elementor-col-66 elementor-top-column elementor-element elementor-element-5f9588a6 exad-glass-effect-no exad-sticky-section-no\" data-id=\"5f9588a6\" data-element_type=\"column\" data-e-type=\"column\">\n\t\t\t<div class=\"elementor-widget-wrap elementor-element-populated\">\n\t\t\t\t\t\t<div class=\"elementor-element elementor-element-8adfb10 exad-sticky-section-no exad-glass-effect-no elementor-widget elementor-widget-qi_addons_for_elementor_tabs_horizontal\" data-id=\"8adfb10\" data-element_type=\"widget\" data-e-type=\"widget\" data-widget_type=\"qi_addons_for_elementor_tabs_horizontal.default\">\n\t\t\t\t<div class=\"elementor-widget-container\">\n\t\t\t\t\t<div class=\"qodef-shortcode qodef-m qodef-qi-tabs-horizontal qodef-qi-clear qodef-layout--simple qodef-title-hover--underline-draw qodef-title-underline-from-left\">\n\t<ul class=\"qodef-tabs-horizontal-navigation\">\n\t\t<li>\n\t<h5 class=\"qodef-tab-title\" role=\"tab\">\n\t\t<a href=\"#qodef-tab-87e24a5\">\n\t\t\t<span class=\"q-text\">\n\t\t\t\tApraksts\t\t\t<\/span>\n\t\t<\/a>\n\t<\/h5>\n<\/li>\n<li>\n\t<h5 class=\"qodef-tab-title\" role=\"tab\">\n\t\t<a href=\"#qodef-tab-2e57704\">\n\t\t\t<span class=\"q-text\">\n\t\t\t\tDati\t\t\t<\/span>\n\t\t<\/a>\n\t<\/h5>\n<\/li>\n\t<\/ul>\n\t<div class=\"qodef-tabs-horizontal-content\" id=\"qodef-tab-87e24a5\">\n\t<p><strong>Viegls k\u0101pur\u0137\u0113\u017eu p\u013c\u0101v\u0113js, kas piln\u012bb\u0101 vad\u0101ms ar t\u0101lvad\u012bbas pulti. Ide\u0101li piem\u0113rots p\u013cau\u0161anai pat nog\u0101z\u0113s!<\/strong><\/p><p><strong>Pateicoties vad\u012bbas panelim, operators var atrasties prom no iek\u0101rtas 200m r\u0101dius\u0101 un nav pak\u013cauts putek\u013ciem vai trok\u0161\u0146iem.<\/strong><\/p><p>Viegli p\u0101rvietojas pa nog\u0101z\u0113m un nel\u012bdzenu virsmu.<\/p><p><strong>X-Rot<\/strong> grie\u017e ar vienu asmeni ar rot\u0113jo\u0161iem galiem, pateicoties kuriem nazis ir pasarg\u0101ts no boj\u0101jumiem.<\/p><p>P\u013cau\u0161anas augstumu var viegli regul\u0113t, izmantojot vad\u012bbas paneli (3-15 cm).<\/p><p>Piem\u0113rots nog\u0101z\u0113m l\u012bdz 45\u00b0\/100%<\/p><p>Darba platums: 95 cm<\/p><p>Dzin\u0113js: 26 HJ Kawasaki benz\u012bna dzin\u0113js<\/p><p>Vienk\u0101r\u0161a p\u013cau\u0161ana uz priek\u0161u un atpaka\u013c.<\/p><p><strong>PIEM\u0112ROTS AR\u012a DARBAM ZEM SAULES PANE\u013bIEM UN \u013bOTI ZEM\u0100M KONSTRUKCIJ\u0100M<\/strong><\/p><p>Apkopes p\u013caujma\u0161\u012bna BARBIER paveic darbu viet\u0101s, kas nav pieejamas ar p\u013caujma\u0161\u012bn\u0101m un liel\u0101k\u0101m lauksaimniec\u012bbas ma\u0161\u012bn\u0101m.<\/p><p>Ma\u0161\u012bnas izm\u0113ri: 136x147x82 cm<\/p><\/div>\n<div class=\"qodef-tabs-horizontal-content\" id=\"qodef-tab-2e57704\">\n\t<p><strong>Darba platums: 95 cm<\/strong><br><strong>DZIN\u0112JS<\/strong><br>Benz\u012bna dzin\u0113js Kawasaki FS 730V EFI ar elektrisko starteri<br>Dzin\u0113ja griezes moments 54,3 pie 2000 apgr.\/min (Nm)<br>Jauda: 26 zs<br>Tvertnes tilpums: 32 litri<\/p><p><strong>GRIE\u0160ANAS SIST\u0112MA<\/strong><br>Griezuma veids: Mul\u010d\u0113\u0161ana<br>Asme\u0146u skaits: 2 <br>Ra\u017e\u012bgais m2\/h (*) 4000<\/p><p>Platums Garums augstums 1360x1470x825<br>Neto svars 455 kg<br>Spiediens uz zemi 168 g\/cm2<\/p><p>(*) p\u013cau\u0161ana un darba apst\u0101k\u013ci: maksim\u0101lais z\u0101les augstums 40 cm - sausa zeme - l\u012bdzena zeme 25\u00b0<\/p><\/div>\n<\/div>\n\t\t\t\t<\/div>\n\t\t\t\t<\/div>\n\t\t\t\t<div class=\"elementor-element elementor-element-551370f3 exad-sticky-section-no exad-glass-effect-no elementor-widget elementor-widget-aux_modern_heading\" data-id=\"551370f3\" data-element_type=\"widget\" data-e-type=\"widget\" data-widget_type=\"aux_modern_heading.default\">\n\t\t\t\t<div class=\"elementor-widget-container\">\n\t\t\t\t\t<section class=\"aux-widget-modern-heading\">\n            <div class=\"aux-widget-inner\"><h2 class=\"aux-modern-heading-primary\">Papildus apr\u012bkojums<\/h2><div class=\"aux-modern-heading-divider\"><\/div><\/div>\n        <\/section>\t\t\t\t<\/div>\n\t\t\t\t<\/div>\n\t\t\t\t<div class=\"elementor-element elementor-element-c59644d exad-sticky-section-no exad-glass-effect-no elementor-widget elementor-widget-exad-exclusive-accordion\" data-id=\"c59644d\" data-element_type=\"widget\" data-e-type=\"widget\" data-widget_type=\"exad-exclusive-accordion.default\">\n\t\t\t\t<div class=\"elementor-widget-container\">\n\t\t\t\t\t    \r\n        <div class=\"exad-accordion-items\">\r\n        \t\r\n                <div class=\"exad-accordion-single-item elementor-repeater-item-63e3935\">\r\n                    <div class=\"exad-accordion-title\">\r\n\r\n\t\t\t\t\t\t\r\n                        <h2 class=\"exad-accordion-heading\">\r\n\t\t\t\t\t\t\r\n\t\t\t\t\t\t\tGPS sist\u0113ma\t\t\t\t\t\t\t\r\n\t\t\t\t\t\t<\/h2>\r\n\r\n                                                    <div class=\"exad-active-inactive-icon\">\r\n                                                                    <span class=\"exad-active-icon\">\r\n                                        <i aria-hidden=\"true\" class=\"fas fa-angle-up\"><\/i>                                    <\/span>                            \r\n                                                                                                    <span class=\"exad-inactive-icon\">\r\n                                        <i aria-hidden=\"true\" class=\"fas fa-angle-down\"><\/i>                                    <\/span>\r\n                                                            <\/div>\r\n                                            <\/div>\r\n\r\n                    <div class=\"exad-accordion-content\">\r\n                        <div class=\"exad-accordion-content-wrapper has-image-yes image-position-right\">\r\n                            <div class=\"exad-accordion-text\">\r\n                                <div> <p>Integr\u0113ta GPS vad\u012bbas sist\u0113ma, kas darbojas piln\u012bb\u0101 bez jebk\u0101da papildus apr\u012bkojuma. Jaun\u0101 integr\u0113t\u0101 aparat\u016bra ietver telem\u0101tikas bloku, GPS pozicion\u0113\u0161anas sist\u0113mu un Servo Drive funkcijas.<\/p>\n<p>Ier\u012bce ar\u012b p\u0101rbauda \u013coti prec\u012bzu ier\u012bces poz\u012bciju, izmantojot <strong>RTK (Real Time Kinematics) funkciju<\/strong> , kas \u013cauj ierakst\u012bt darba ce\u013cu turpm\u0101kai izmanto\u0161anai ar iesp\u0113ju bezgal\u012bgi atk\u0101rtot darb\u012bbu. Papildu funkcija ir procesa vad\u012bba, izmantojot <strong>BHV lietotni<\/strong> plan\u0161etdator\u0101 vai viedt\u0101lrun\u012b (Android vai IOS) ar papildu iesp\u0113ju piel\u0101got \u0101trumu un darba platumu.<\/p>\n<\/div>\r\n                                                            <\/div>\r\n\r\n                                                            <div class=\"exad-accordion-image\">\r\n                                    <img decoding=\"async\" src=\"https:\/\/slopemower.eu\/wp-content\/uploads\/2023\/03\/xrot80evo_03-1-300x300.jpg\" alt=\"gps\" \/>                                <\/div>\r\n                            \r\n                        <\/div>\r\n                    <\/div>\r\n                <\/div>\r\n                                                <\/div>\r\n\t\t\t\t\t<\/div>\n\t\t\t\t<\/div>\n\t\t\t\t\t<\/div>\n\t\t<\/div>\n\t\t\t\t<div class=\"aux-parallax-section elementor-column elementor-col-33 elementor-top-column elementor-element elementor-element-55de902e exad-glass-effect-no exad-sticky-section-no\" data-id=\"55de902e\" data-element_type=\"column\" data-e-type=\"column\">\n\t\t\t<div class=\"elementor-widget-wrap elementor-element-populated\">\n\t\t\t\t\t\t<div class=\"elementor-element elementor-element-667b6125 exad-sticky-section-no exad-glass-effect-no elementor-widget elementor-widget-qi_addons_for_elementor_image_slider\" data-id=\"667b6125\" data-element_type=\"widget\" data-e-type=\"widget\" data-widget_type=\"qi_addons_for_elementor_image_slider.default\">\n\t\t\t\t<div class=\"elementor-widget-container\">\n\t\t\t\t\t<div class=\"qodef-shortcode qodef-m qodef-qi-image-slider qodef-qi-fslightbox-popup qodef-popup-gallery qodef-col-num--1 qodef-qi-grid qodef-qi-swiper-container qodef-navigation--inside qodef-pagination--inside qodef-navigation--hover-move\" data-options=\"{&quot;direction&quot;:&quot;horizontal&quot;,&quot;slidesPerView&quot;:&quot;1&quot;,&quot;spaceBetween&quot;:30,&quot;spaceBetweenTablet&quot;:30,&quot;spaceBetweenMobile&quot;:30,&quot;effect&quot;:&quot;fade&quot;,&quot;loop&quot;:true,&quot;autoplay&quot;:false,&quot;centeredSlides&quot;:false,&quot;speed&quot;:&quot;&quot;,&quot;speedAnimation&quot;:&quot;&quot;,&quot;outsideNavigation&quot;:&quot;no&quot;,&quot;outsidePagination&quot;:&quot;no&quot;,&quot;unique&quot;:851,&quot;partialValue&quot;:0,&quot;disablePartialValue&quot;:&quot;&quot;,&quot;parallax&quot;:&quot;no&quot;}\">\n\t<div class=\"swiper-wrapper\">\n\t\t<div class=\"qodef-e swiper-slide\">\n\t<div class=\"qodef-e-inner\">\n\t\t<div class=\"qodef-e-inner-holder\">\n\t\t\t\t\t\t\t<a class=\"qodef-popup-item\" itemprop=\"image\" href=\"https:\/\/slopemower.eu\/wp-content\/uploads\/2023\/03\/xrot95evo_01-1.jpg\" data-type=\"image\" data-fslightbox=\"gallery-851\" data-e-disable-page-transition=\u201dtrue\u201d>\n\t\t\t\t\t\t\t<img fetchpriority=\"high\" decoding=\"async\" width=\"960\" height=\"640\" src=\"https:\/\/slopemower.eu\/wp-content\/uploads\/2023\/03\/xrot95evo_01-1.jpg\" class=\"attachment-full size-full\" alt=\"\" \/>\t\t\t\t\t\t\t<\/a>\n\t\t\t\t\t<\/div>\n\t<\/div>\n\t<\/div>\n<div class=\"qodef-e swiper-slide\">\n\t<div class=\"qodef-e-inner\">\n\t\t<div class=\"qodef-e-inner-holder\">\n\t\t\t\t\t\t\t<a class=\"qodef-popup-item\" itemprop=\"image\" href=\"https:\/\/slopemower.eu\/wp-content\/uploads\/2023\/03\/xrot95evo_03-1.jpg\" data-type=\"image\" data-fslightbox=\"gallery-851\" data-e-disable-page-transition=\u201dtrue\u201d>\n\t\t\t\t\t\t\t<img decoding=\"async\" width=\"960\" height=\"640\" src=\"https:\/\/slopemower.eu\/wp-content\/uploads\/2023\/03\/xrot95evo_03-1.jpg\" class=\"attachment-full size-full\" alt=\"\" \/>\t\t\t\t\t\t\t<\/a>\n\t\t\t\t\t<\/div>\n\t<\/div>\n\t<\/div>\n<div class=\"qodef-e swiper-slide\">\n\t<div class=\"qodef-e-inner\">\n\t\t<div class=\"qodef-e-inner-holder\">\n\t\t\t\t\t\t\t<a class=\"qodef-popup-item\" itemprop=\"image\" href=\"https:\/\/slopemower.eu\/wp-content\/uploads\/2023\/03\/xrot95evo_04-1.jpg\" data-type=\"image\" data-fslightbox=\"gallery-851\" data-e-disable-page-transition=\u201dtrue\u201d>\n\t\t\t\t\t\t\t<img decoding=\"async\" width=\"960\" height=\"640\" src=\"https:\/\/slopemower.eu\/wp-content\/uploads\/2023\/03\/xrot95evo_04-1.jpg\" class=\"attachment-full size-full\" alt=\"\" \/>\t\t\t\t\t\t\t<\/a>\n\t\t\t\t\t<\/div>\n\t<\/div>\n\t<\/div>\n\t<\/div>\n\t\t<div class=\"swiper-button-prev\"><svg class=\"qodef-swiper-arrow-left\" xmlns=\"http:\/\/www.w3.org\/2000\/svg\" x=\"0px\" y=\"0px\" viewBox=\"0 0 34.2 32.3\" xml:space=\"preserve\" style=\"stroke-width: 2;\"><line x1=\"0.5\" y1=\"16\" x2=\"33.5\" y2=\"16\"\/><line x1=\"0.3\" y1=\"16.5\" x2=\"16.2\" y2=\"0.7\"\/><line x1=\"0\" y1=\"15.4\" x2=\"16.2\" y2=\"31.6\"\/><\/svg><\/div>\n\t<div class=\"swiper-button-next\"><svg class=\"qodef-swiper-arrow-right\" xmlns=\"http:\/\/www.w3.org\/2000\/svg\" x=\"0px\" y=\"0px\" viewBox=\"0 0 34.2 32.3\" xml:space=\"preserve\" style=\"stroke-width: 2;\"><line x1=\"0\" y1=\"16\" x2=\"33\" y2=\"16\"\/><line x1=\"17.3\" y1=\"0.7\" x2=\"33.2\" y2=\"16.5\"\/><line x1=\"17.3\" y1=\"31.6\" x2=\"33.5\" y2=\"15.4\"\/><\/svg><\/div>\n\t<div class=\"swiper-pagination\"><\/div>\n<\/div>\n\t\t\t\t<\/div>\n\t\t\t\t<\/div>\n\t\t\t\t\t<\/div>\n\t\t<\/div>\n\t\t\t\t\t<\/div>\n\t\t<\/section>\n\t\t\t\t<section class=\"elementor-section elementor-top-section elementor-element elementor-element-5187ef8 elementor-section-boxed elementor-section-height-default elementor-section-height-default exad-glass-effect-no exad-sticky-section-no\" data-id=\"5187ef8\" data-element_type=\"section\" data-e-type=\"section\" data-settings=\"{&quot;background_background&quot;:&quot;gradient&quot;}\">\n\t\t\t\t\t\t<div class=\"elementor-container elementor-column-gap-default\">\n\t\t\t\t\t<div class=\"aux-parallax-section elementor-column elementor-col-33 elementor-top-column elementor-element elementor-element-56333fb4 exad-glass-effect-no exad-sticky-section-no\" data-id=\"56333fb4\" data-element_type=\"column\" data-e-type=\"column\">\n\t\t\t<div class=\"elementor-widget-wrap elementor-element-populated\">\n\t\t\t\t\t\t<div class=\"elementor-element elementor-element-36c607ea exad-sticky-section-no exad-glass-effect-no elementor-widget elementor-widget-heading\" data-id=\"36c607ea\" data-element_type=\"widget\" data-e-type=\"widget\" data-widget_type=\"heading.default\">\n\t\t\t\t<div class=\"elementor-widget-container\">\n\t\t\t\t\t<h2 class=\"elementor-heading-title elementor-size-default\">Interes\u0113? Sazinieties, dal\u012bsimies ar padomiem un ieteikumiem<\/h2>\t\t\t\t<\/div>\n\t\t\t\t<\/div>\n\t\t\t\t\t<\/div>\n\t\t<\/div>\n\t\t\t\t<div class=\"aux-parallax-section elementor-column elementor-col-66 elementor-top-column elementor-element elementor-element-1d7cb089 exad-glass-effect-no exad-sticky-section-no\" data-id=\"1d7cb089\" data-element_type=\"column\" data-e-type=\"column\">\n\t\t\t<div class=\"elementor-widget-wrap elementor-element-populated\">\n\t\t\t\t\t\t<div class=\"elementor-element elementor-element-1eecd9b2 exad-sticky-section-no exad-glass-effect-no elementor-widget elementor-widget-exad-contact-form-7\" data-id=\"1eecd9b2\" data-element_type=\"widget\" data-e-type=\"widget\" data-widget_type=\"exad-contact-form-7.default\">\n\t\t\t\t<div class=\"elementor-widget-container\">\n\t\t\t\t\t            <div class=\"exad-contact-form exad-contact-form-7 exad-contact-form-1eecd9b2\">\r\n                    \r\n                                        \r\n                \n<div class=\"wpcf7 no-js\" id=\"wpcf7-f2545-o1\" lang=\"lv-LV\" dir=\"ltr\" data-wpcf7-id=\"2545\">\n<div class=\"screen-reader-response\"><p role=\"status\" aria-live=\"polite\" aria-atomic=\"true\"><\/p> <ul><\/ul><\/div>\n<form action=\"\/lv\/wp-json\/wp\/v2\/pages\/2517#wpcf7-f2545-o1\" method=\"post\" class=\"wpcf7-form init\" aria-label=\"Contact form\" novalidate=\"novalidate\" data-status=\"init\">\n<fieldset class=\"hidden-fields-container\"><input type=\"hidden\" name=\"_wpcf7\" value=\"2545\" \/><input type=\"hidden\" name=\"_wpcf7_version\" value=\"6.1.5\" \/><input type=\"hidden\" name=\"_wpcf7_locale\" value=\"lv_LV\" \/><input type=\"hidden\" name=\"_wpcf7_unit_tag\" value=\"wpcf7-f2545-o1\" \/><input type=\"hidden\" name=\"_wpcf7_container_post\" value=\"0\" \/><input type=\"hidden\" name=\"_wpcf7_posted_data_hash\" value=\"\" \/><input type=\"hidden\" name=\"_wpcf7_recaptcha_response\" value=\"\" \/>\n<\/fieldset>\n<div class=\"slopemower-form\">\n\t<div class=\"slopemower-form-partone\">\n\t\t<div class=\"aux-input-group\">\n\t\t\t<p><label for=\"going\" class=\"my-label-1\">Tavs v\u0101rds?<\/label><br \/>\n<i class=\"aux-name-icon\"><\/i><span class=\"wpcf7-form-control-wrap\" data-name=\"text-385\"><input size=\"40\" maxlength=\"400\" class=\"wpcf7-form-control wpcf7-text\" aria-invalid=\"false\" placeholder=\"nosaukums\" value=\"\" type=\"text\" name=\"text-385\" \/><\/span>\n\t\t\t<\/p>\n\t\t<\/div>\n\t\t<div class=\"aux-input-group\">\n\t\t\t<p><label for=\"date\" class=\"my-label-2\">J\u016bsu kontaktt\u0101lru\u0146a numurs?<\/label><br \/>\n<i class=\"aux-phone-icon\"><\/i><span class=\"wpcf7-form-control-wrap\" data-name=\"tel-56\"><input size=\"40\" maxlength=\"400\" class=\"wpcf7-form-control wpcf7-tel wpcf7-text wpcf7-validates-as-tel\" aria-invalid=\"false\" placeholder=\"telefona numurs\" value=\"\" type=\"tel\" name=\"tel-56\" \/><\/span>\n\t\t\t<\/p>\n\t\t<\/div>\n\t\t<div class=\"aux-input-group\">\n\t\t\t<p><label for=\"out\" class=\"my-label-3\">Tava epasta adrese<\/label><br \/>\n<i class=\"aux-email-icon\"><\/i><span class=\"wpcf7-form-control-wrap\" data-name=\"email-360\"><input size=\"40\" maxlength=\"400\" class=\"wpcf7-form-control wpcf7-email wpcf7-text wpcf7-validates-as-email\" aria-invalid=\"false\" placeholder=\"epasta adrese\" value=\"\" type=\"email\" name=\"email-360\" \/><\/span>\n\t\t\t<\/p>\n\t\t<\/div>\n\t\t<p><span class=\"wpcf7-form-control-wrap\" data-name=\"Valikkastid\"><span class=\"wpcf7-form-control wpcf7-checkbox\"><span class=\"wpcf7-list-item first\"><label><input type=\"checkbox\" name=\"Valikkastid[]\" value=\"X ROT 70-EVO\" \/><span class=\"wpcf7-list-item-label\">X ROT 70-EVO<\/span><\/label><\/span><span class=\"wpcf7-list-item\"><label><input type=\"checkbox\" name=\"Valikkastid[]\" value=\"X ROT 80-EVO\" \/><span class=\"wpcf7-list-item-label\">X ROT 80-EVO<\/span><\/label><\/span><span class=\"wpcf7-list-item\"><label><input type=\"checkbox\" name=\"Valikkastid[]\" value=\"X ROT 95-EVO\" \/><span class=\"wpcf7-list-item-label\">X ROT 95-EVO<\/span><\/label><\/span><span class=\"wpcf7-list-item\"><label><input type=\"checkbox\" name=\"Valikkastid[]\" value=\"X FLAIL 80\" \/><span class=\"wpcf7-list-item-label\">X FLAIL 80<\/span><\/label><\/span><span class=\"wpcf7-list-item\"><label><input type=\"checkbox\" name=\"Valikkastid[]\" value=\"eROT 70-EVO\" \/><span class=\"wpcf7-list-item-label\">eROT 70-EVO<\/span><\/label><\/span><span class=\"wpcf7-list-item\"><label><input type=\"checkbox\" name=\"Valikkastid[]\" value=\"Papildu apr\u012bkojums\" \/><span class=\"wpcf7-list-item-label\">Papildu apr\u012bkojums<\/span><\/label><\/span><span class=\"wpcf7-list-item last\"><label><input type=\"checkbox\" name=\"Valikkastid[]\" value=\"Apkope\/remonts\" \/><span class=\"wpcf7-list-item-label\">Apkope\/remonts<\/span><\/label><\/span><\/span><\/span>\n\t\t<\/p>\n\t<\/div>\n\t<p><span class=\"wpcf7-form-control-wrap\" data-name=\"textarea-855\"><textarea cols=\"40\" rows=\"10\" maxlength=\"2000\" class=\"wpcf7-form-control wpcf7-textarea\" aria-invalid=\"false\" name=\"textarea-855\"><\/textarea><\/span>\n\t<\/p>\n<\/div>\n<div class=\"aux-button-submit\">\n\t<p><button type=\"submit\">Nos\u016btiet piepras\u012bjumu <\/button>\n\t<\/p>\n<\/div> \n\n <div class=\"wpcf7-response-output\" aria-hidden=\"true\"><\/div>\n<\/form>\n<\/div>\n            <\/div>\r\n            \r\n            \t\t\t\t<\/div>\n\t\t\t\t<\/div>\n\t\t\t\t\t<\/div>\n\t\t<\/div>\n\t\t\t\t\t<\/div>\n\t\t<\/section>\n\t\t\t\t<\/div>\n\t\t","protected":false},"excerpt":{"rendered":"<p>X ROT 95-EVO Apraksts Dati Viegls k\u0101pur\u0137\u0113\u017eu p\u013c\u0101v\u0113js, kas piln\u012bb\u0101 vad\u0101ms ar t\u0101lvad\u012bbas pulti. Ide\u0101li piem\u0113rots p\u013cau\u0161anai pat nog\u0101z\u0113s! Pateicoties vad\u012bbas panelim, operators var atrasties prom no iek\u0101rtas 200m r\u0101dius\u0101 un nav pak\u013cauts putek\u013ciem vai trok\u0161\u0146iem. Viegli p\u0101rvietojas pa nog\u0101z\u0113m un nel\u012bdzenu virsmu. X-Rot grie\u017e ar vienu asmeni ar rot\u0113jo\u0161iem galiem, pateicoties kuriem nazis ir [&hellip;]<\/p>\n","protected":false},"author":1,"featured_media":0,"parent":0,"menu_order":0,"comment_status":"closed","ping_status":"closed","template":"","meta":{"footnotes":""},"class_list":["post-2517","page","type-page","status-publish","hentry"],"_links":{"self":[{"href":"https:\/\/slopemower.eu\/lv\/wp-json\/wp\/v2\/pages\/2517","targetHints":{"allow":["GET"]}}],"collection":[{"href":"https:\/\/slopemower.eu\/lv\/wp-json\/wp\/v2\/pages"}],"about":[{"href":"https:\/\/slopemower.eu\/lv\/wp-json\/wp\/v2\/types\/page"}],"author":[{"embeddable":true,"href":"https:\/\/slopemower.eu\/lv\/wp-json\/wp\/v2\/users\/1"}],"replies":[{"embeddable":true,"href":"https:\/\/slopemower.eu\/lv\/wp-json\/wp\/v2\/comments?post=2517"}],"version-history":[{"count":10,"href":"https:\/\/slopemower.eu\/lv\/wp-json\/wp\/v2\/pages\/2517\/revisions"}],"predecessor-version":[{"id":4563,"href":"https:\/\/slopemower.eu\/lv\/wp-json\/wp\/v2\/pages\/2517\/revisions\/4563"}],"wp:attachment":[{"href":"https:\/\/slopemower.eu\/lv\/wp-json\/wp\/v2\/media?parent=2517"}],"curies":[{"name":"wp","href":"https:\/\/api.w.org\/{rel}","templated":true}]}}