{"id":2395,"date":"2023-03-10T19:08:16","date_gmt":"2023-03-10T17:08:16","guid":{"rendered":"https:\/\/slopemower.eu\/xflail80\/"},"modified":"2023-09-22T22:17:33","modified_gmt":"2023-09-22T19:17:33","slug":"xflail80","status":"publish","type":"page","link":"https:\/\/slopemower.eu\/lv\/xflail80\/","title":{"rendered":"xflail80"},"content":{"rendered":"\t\t<div data-elementor-type=\"wp-page\" data-elementor-id=\"2395\" class=\"elementor elementor-2395 elementor-743\">\n\t\t\t\t\t\t<section class=\"elementor-section elementor-top-section elementor-element elementor-element-36c498ff elementor-section-boxed elementor-section-height-default elementor-section-height-default exad-glass-effect-no exad-sticky-section-no\" data-id=\"36c498ff\" data-element_type=\"section\" data-e-type=\"section\">\n\t\t\t\t\t\t<div class=\"elementor-container elementor-column-gap-no\">\n\t\t\t\t\t<div class=\"aux-parallax-section elementor-column elementor-col-100 elementor-top-column elementor-element elementor-element-4b1ea867 aux-appear-watch-animation aux-scale-down exad-glass-effect-no exad-sticky-section-no\" data-id=\"4b1ea867\" data-element_type=\"column\" data-e-type=\"column\" data-settings=\"{&quot;background_background&quot;:&quot;gradient&quot;}\">\n\t\t\t<div class=\"elementor-widget-wrap elementor-element-populated\">\n\t\t\t\t\t<div class=\"elementor-background-overlay\"><\/div>\n\t\t\t\t\t\t<div class=\"elementor-element elementor-element-5a971711 exad-sticky-section-no exad-glass-effect-no elementor-invisible elementor-widget elementor-widget-image\" data-id=\"5a971711\" data-element_type=\"widget\" data-e-type=\"widget\" data-settings=\"{&quot;_animation&quot;:&quot;fadeInUp&quot;}\" data-widget_type=\"image.default\">\n\t\t\t\t<div class=\"elementor-widget-container\">\n\t\t\t\t\t\t\t\t\t\t\t\t\t\t\t<img decoding=\"async\" src=\"https:\/\/slopemower.eu\/wp-content\/uploads\/2023\/02\/barbieri_group_logo_black.png\" title=\"barbieri_group_logo_black\" alt=\"barbieri_group_logo_black\" loading=\"lazy\" \/>\t\t\t\t\t\t\t\t\t\t\t\t\t\t\t<\/div>\n\t\t\t\t<\/div>\n\t\t\t\t<section class=\"elementor-section elementor-inner-section elementor-element elementor-element-3581e014 elementor-section-height-min-height elementor-section-boxed elementor-section-height-default exad-glass-effect-no exad-sticky-section-no\" data-id=\"3581e014\" data-element_type=\"section\" data-e-type=\"section\" data-settings=\"{&quot;background_background&quot;:&quot;gradient&quot;}\">\n\t\t\t\t\t\t<div class=\"elementor-container elementor-column-gap-no\">\n\t\t\t\t\t<div class=\"aux-parallax-section elementor-column elementor-col-100 elementor-inner-column elementor-element elementor-element-50bcaeb6 exad-glass-effect-no exad-sticky-section-no\" data-id=\"50bcaeb6\" data-element_type=\"column\" data-e-type=\"column\">\n\t\t\t<div class=\"elementor-widget-wrap elementor-element-populated\">\n\t\t\t\t\t\t<div class=\"elementor-element elementor-element-c916880 aux-appear-watch-animation aux-scale-down exad-sticky-section-no exad-glass-effect-no elementor-widget elementor-widget-aux_modern_heading\" data-id=\"c916880\" data-element_type=\"widget\" data-e-type=\"widget\" data-widget_type=\"aux_modern_heading.default\">\n\t\t\t\t<div class=\"elementor-widget-container\">\n\t\t\t\t\t<section class=\"aux-widget-modern-heading\">\n            <div class=\"aux-widget-inner\"><h2 class=\"aux-modern-heading-primary\">X FLAIL&nbsp;80<\/h2><\/div>\n        <\/section>\t\t\t\t<\/div>\n\t\t\t\t<\/div>\n\t\t\t\t\t<\/div>\n\t\t<\/div>\n\t\t\t\t\t<\/div>\n\t\t<\/section>\n\t\t\t\t\t<\/div>\n\t\t<\/div>\n\t\t\t\t\t<\/div>\n\t\t<\/section>\n\t\t\t\t<section class=\"elementor-section elementor-top-section elementor-element elementor-element-7706b8b elementor-section-boxed elementor-section-height-default elementor-section-height-default exad-glass-effect-no exad-sticky-section-no\" data-id=\"7706b8b\" data-element_type=\"section\" data-e-type=\"section\">\n\t\t\t\t\t\t<div class=\"elementor-container elementor-column-gap-default\">\n\t\t\t\t\t<div class=\"aux-parallax-section elementor-column elementor-col-66 elementor-top-column elementor-element elementor-element-6a8b18d exad-glass-effect-no exad-sticky-section-no\" data-id=\"6a8b18d\" data-element_type=\"column\" data-e-type=\"column\">\n\t\t\t<div class=\"elementor-widget-wrap elementor-element-populated\">\n\t\t\t\t\t\t<div class=\"elementor-element elementor-element-18341f8 exad-sticky-section-no exad-glass-effect-no elementor-widget elementor-widget-qi_addons_for_elementor_tabs_horizontal\" data-id=\"18341f8\" data-element_type=\"widget\" data-e-type=\"widget\" data-widget_type=\"qi_addons_for_elementor_tabs_horizontal.default\">\n\t\t\t\t<div class=\"elementor-widget-container\">\n\t\t\t\t\t<div class=\"qodef-shortcode qodef-m qodef-qi-tabs-horizontal qodef-qi-clear qodef-layout--simple qodef-title-hover--underline-draw qodef-title-underline-from-left\">\n\t<ul class=\"qodef-tabs-horizontal-navigation\">\n\t\t<li>\n\t<h5 class=\"qodef-tab-title\" role=\"tab\">\n\t\t<a href=\"#qodef-tab-2884b9d\">\n\t\t\t<span class=\"q-text\">\n\t\t\t\tApraksts\t\t\t<\/span>\n\t\t<\/a>\n\t<\/h5>\n<\/li>\n<li>\n\t<h5 class=\"qodef-tab-title\" role=\"tab\">\n\t\t<a href=\"#qodef-tab-d5708fc\">\n\t\t\t<span class=\"q-text\">\n\t\t\t\tDati\t\t\t<\/span>\n\t\t<\/a>\n\t<\/h5>\n<\/li>\n\t<\/ul>\n\t<div class=\"qodef-tabs-horizontal-content\" id=\"qodef-tab-2884b9d\">\n\t<p><strong>Viegls k\u0101pur\u0137\u0113\u017eu p\u013c\u0101v\u0113js, kas piln\u012bb\u0101 vad\u0101ms ar t\u0101lvad\u012bbas pulti. Ide\u0101li piem\u0113rots p\u013cau\u0161anai pat nog\u0101z\u0113s!<\/strong><\/p><p><strong>Pateicoties vad\u012bbas panelim, operators var atrasties prom no iek\u0101rtas 200m r\u0101dius\u0101 un nav pak\u013cauts putek\u013ciem vai trok\u0161\u0146iem.<\/strong><\/p><p>Viegli p\u0101rvietojas pa nog\u0101z\u0113m un nel\u012bdzenu virsmu.<\/p><p><strong>X FLAIL<\/strong> grie\u017e ar Y-asme\u0146iem<\/p><p>Piem\u0113rots nog\u0101z\u0113m l\u012bdz 45\u00b0<\/p><p>Darba platums: 80 cm<\/p><p>Dzin\u0113js: VANGUARD B&amp;S 3864 benz\u012bna dzin\u0113js<\/p><p>Vienk\u0101r\u0161a p\u013cau\u0161ana uz priek\u0161u un atpaka\u013c.<\/p><p><strong>PIEM\u0112ROTS AR\u012a DARBAM ZEM SAULES PANE\u013bIEM UN \u013bOTI ZEM\u0100M KONSTRUKCIJ\u0100M<\/strong><\/p><p>Apkopes p\u013caujma\u0161\u012bna BARBIER paveic darbu viet\u0101s, kas nav pieejamas ar p\u013caujma\u0161\u012bn\u0101m un liel\u0101k\u0101m lauksaimniec\u012bbas ma\u0161\u012bn\u0101m.<\/p><p>Ma\u0161\u012bnas izm\u0113ri: 1350x132x78 cm<\/p><\/div>\n<div class=\"qodef-tabs-horizontal-content\" id=\"qodef-tab-d5708fc\">\n\t<p>Darba platums - 80cm<\/p><p><strong>DZIN\u0112JS<\/strong> Izv\u0113l\u0113ts benz\u012bna dzin\u0113js. starteris VANGUARD B&amp;S 3864<\/p><p>Griezes moments 48 pie 2800&nbsp;apgr.\/min (Nm)<\/p><p>Jauda 23 (zs) \/ kW<\/p><p>Degvielas tvertnes tilpums 16 l<\/p><p><strong>GRIE\u0160ANAS SIST\u0112MA<\/strong> Grie\u0161anas sist\u0113ma Flail<\/p><p>Asme\u0146u skaits 40 Y Asme\u0146i<\/p><p>Apstr\u0101d\u0101jams\/otas diametrs. (cm) Otas \/ 4<\/p><p>Darba jaudas laukums m2\/h (*) 2800<\/p><p><strong>TEHNISKIE DATI<\/strong> Kop\u0113jie izm\u0113ri 1350x1320x780<\/p><p>Neto svars 450 kg<\/p><p>Kompresijas spiediens 166 gr\/cm2<\/p><\/div>\n<\/div>\n\t\t\t\t<\/div>\n\t\t\t\t<\/div>\n\t\t\t\t<div class=\"elementor-element elementor-element-44dfc377 exad-sticky-section-no exad-glass-effect-no elementor-widget elementor-widget-aux_modern_heading\" data-id=\"44dfc377\" data-element_type=\"widget\" data-e-type=\"widget\" data-widget_type=\"aux_modern_heading.default\">\n\t\t\t\t<div class=\"elementor-widget-container\">\n\t\t\t\t\t<section class=\"aux-widget-modern-heading\">\n            <div class=\"aux-widget-inner\"><h2 class=\"aux-modern-heading-primary\">\u0160im modelim nav aksesu\u0101ru<\/h2><div class=\"aux-modern-heading-divider\"><\/div><\/div>\n        <\/section>\t\t\t\t<\/div>\n\t\t\t\t<\/div>\n\t\t\t\t\t<\/div>\n\t\t<\/div>\n\t\t\t\t<div class=\"aux-parallax-section elementor-column elementor-col-33 elementor-top-column elementor-element elementor-element-7192c342 exad-glass-effect-no exad-sticky-section-no\" data-id=\"7192c342\" data-element_type=\"column\" data-e-type=\"column\">\n\t\t\t<div class=\"elementor-widget-wrap elementor-element-populated\">\n\t\t\t\t\t\t<div class=\"elementor-element elementor-element-155ba58b exad-sticky-section-no exad-glass-effect-no elementor-widget elementor-widget-qi_addons_for_elementor_image_slider\" data-id=\"155ba58b\" data-element_type=\"widget\" data-e-type=\"widget\" data-widget_type=\"qi_addons_for_elementor_image_slider.default\">\n\t\t\t\t<div class=\"elementor-widget-container\">\n\t\t\t\t\t<div class=\"qodef-shortcode qodef-m qodef-qi-image-slider qodef-qi-fslightbox-popup qodef-popup-gallery qodef-col-num--1 qodef-qi-grid qodef-qi-swiper-container qodef-navigation--inside qodef-pagination--inside qodef-navigation--hover-move\" data-options=\"{&quot;direction&quot;:&quot;horizontal&quot;,&quot;slidesPerView&quot;:&quot;1&quot;,&quot;spaceBetween&quot;:30,&quot;spaceBetweenTablet&quot;:30,&quot;spaceBetweenMobile&quot;:30,&quot;effect&quot;:&quot;fade&quot;,&quot;loop&quot;:true,&quot;autoplay&quot;:false,&quot;centeredSlides&quot;:false,&quot;speed&quot;:&quot;&quot;,&quot;speedAnimation&quot;:&quot;&quot;,&quot;outsideNavigation&quot;:&quot;no&quot;,&quot;outsidePagination&quot;:&quot;no&quot;,&quot;unique&quot;:65,&quot;partialValue&quot;:0,&quot;disablePartialValue&quot;:&quot;&quot;,&quot;parallax&quot;:&quot;no&quot;}\">\n\t<div class=\"swiper-wrapper\">\n\t\t<div class=\"qodef-e swiper-slide\">\n\t<div class=\"qodef-e-inner\">\n\t\t<div class=\"qodef-e-inner-holder\">\n\t\t\t\t\t\t\t<a class=\"qodef-popup-item\" itemprop=\"image\" href=\"https:\/\/slopemower.eu\/wp-content\/uploads\/2023\/03\/x-flail_01-1.jpg\" data-type=\"image\" data-fslightbox=\"gallery-65\" data-e-disable-page-transition=\u201dtrue\u201d>\n\t\t\t\t\t\t\t<img fetchpriority=\"high\" decoding=\"async\" width=\"960\" height=\"640\" src=\"https:\/\/slopemower.eu\/wp-content\/uploads\/2023\/03\/x-flail_01-1.jpg\" class=\"attachment-full size-full\" alt=\"\" \/>\t\t\t\t\t\t\t<\/a>\n\t\t\t\t\t<\/div>\n\t<\/div>\n\t<\/div>\n<div class=\"qodef-e swiper-slide\">\n\t<div class=\"qodef-e-inner\">\n\t\t<div class=\"qodef-e-inner-holder\">\n\t\t\t\t\t\t\t<a class=\"qodef-popup-item\" itemprop=\"image\" href=\"https:\/\/slopemower.eu\/wp-content\/uploads\/2023\/03\/x-flail_02-1.jpg\" data-type=\"image\" data-fslightbox=\"gallery-65\" data-e-disable-page-transition=\u201dtrue\u201d>\n\t\t\t\t\t\t\t<img decoding=\"async\" width=\"960\" height=\"640\" src=\"https:\/\/slopemower.eu\/wp-content\/uploads\/2023\/03\/x-flail_02-1.jpg\" class=\"attachment-full size-full\" alt=\"\" \/>\t\t\t\t\t\t\t<\/a>\n\t\t\t\t\t<\/div>\n\t<\/div>\n\t<\/div>\n<div class=\"qodef-e swiper-slide\">\n\t<div class=\"qodef-e-inner\">\n\t\t<div class=\"qodef-e-inner-holder\">\n\t\t\t\t\t\t\t<a class=\"qodef-popup-item\" itemprop=\"image\" href=\"https:\/\/slopemower.eu\/wp-content\/uploads\/2023\/03\/x-flail_03-1.jpg\" data-type=\"image\" data-fslightbox=\"gallery-65\" data-e-disable-page-transition=\u201dtrue\u201d>\n\t\t\t\t\t\t\t<img decoding=\"async\" width=\"960\" height=\"640\" src=\"https:\/\/slopemower.eu\/wp-content\/uploads\/2023\/03\/x-flail_03-1.jpg\" class=\"attachment-full size-full\" alt=\"\" \/>\t\t\t\t\t\t\t<\/a>\n\t\t\t\t\t<\/div>\n\t<\/div>\n\t<\/div>\n<div class=\"qodef-e swiper-slide\">\n\t<div class=\"qodef-e-inner\">\n\t\t<div class=\"qodef-e-inner-holder\">\n\t\t\t\t\t\t\t<a class=\"qodef-popup-item\" itemprop=\"image\" href=\"https:\/\/slopemower.eu\/wp-content\/uploads\/2023\/03\/x-flail_04-1.jpg\" data-type=\"image\" data-fslightbox=\"gallery-65\" data-e-disable-page-transition=\u201dtrue\u201d>\n\t\t\t\t\t\t\t<img loading=\"lazy\" decoding=\"async\" width=\"960\" height=\"640\" src=\"https:\/\/slopemower.eu\/wp-content\/uploads\/2023\/03\/x-flail_04-1.jpg\" class=\"attachment-full size-full\" alt=\"\" \/>\t\t\t\t\t\t\t<\/a>\n\t\t\t\t\t<\/div>\n\t<\/div>\n\t<\/div>\n<div class=\"qodef-e swiper-slide\">\n\t<div class=\"qodef-e-inner\">\n\t\t<div class=\"qodef-e-inner-holder\">\n\t\t\t\t\t\t\t<a class=\"qodef-popup-item\" itemprop=\"image\" href=\"https:\/\/slopemower.eu\/wp-content\/uploads\/2023\/03\/x-flail_05-1.jpg\" data-type=\"image\" data-fslightbox=\"gallery-65\" data-e-disable-page-transition=\u201dtrue\u201d>\n\t\t\t\t\t\t\t<img loading=\"lazy\" decoding=\"async\" width=\"960\" height=\"640\" src=\"https:\/\/slopemower.eu\/wp-content\/uploads\/2023\/03\/x-flail_05-1.jpg\" class=\"attachment-full size-full\" alt=\"\" \/>\t\t\t\t\t\t\t<\/a>\n\t\t\t\t\t<\/div>\n\t<\/div>\n\t<\/div>\n<div class=\"qodef-e swiper-slide\">\n\t<div class=\"qodef-e-inner\">\n\t\t<div class=\"qodef-e-inner-holder\">\n\t\t\t\t\t\t\t<a class=\"qodef-popup-item\" itemprop=\"image\" href=\"https:\/\/slopemower.eu\/wp-content\/uploads\/2023\/03\/x-flail_06-1.png\" data-type=\"image\" data-fslightbox=\"gallery-65\" data-e-disable-page-transition=\u201dtrue\u201d>\n\t\t\t\t\t\t\t<img loading=\"lazy\" decoding=\"async\" width=\"860\" height=\"578\" src=\"https:\/\/slopemower.eu\/wp-content\/uploads\/2023\/03\/x-flail_06-1.png\" class=\"attachment-full size-full\" alt=\"\" \/>\t\t\t\t\t\t\t<\/a>\n\t\t\t\t\t<\/div>\n\t<\/div>\n\t<\/div>\n\t<\/div>\n\t\t<div class=\"swiper-button-prev\"><svg class=\"qodef-swiper-arrow-left\" xmlns=\"http:\/\/www.w3.org\/2000\/svg\" x=\"0px\" y=\"0px\" viewBox=\"0 0 34.2 32.3\" xml:space=\"preserve\" style=\"stroke-width: 2;\"><line x1=\"0.5\" y1=\"16\" x2=\"33.5\" y2=\"16\"\/><line x1=\"0.3\" y1=\"16.5\" x2=\"16.2\" y2=\"0.7\"\/><line x1=\"0\" y1=\"15.4\" x2=\"16.2\" y2=\"31.6\"\/><\/svg><\/div>\n\t<div class=\"swiper-button-next\"><svg class=\"qodef-swiper-arrow-right\" xmlns=\"http:\/\/www.w3.org\/2000\/svg\" x=\"0px\" y=\"0px\" viewBox=\"0 0 34.2 32.3\" xml:space=\"preserve\" style=\"stroke-width: 2;\"><line x1=\"0\" y1=\"16\" x2=\"33\" y2=\"16\"\/><line x1=\"17.3\" y1=\"0.7\" x2=\"33.2\" y2=\"16.5\"\/><line x1=\"17.3\" y1=\"31.6\" x2=\"33.5\" y2=\"15.4\"\/><\/svg><\/div>\n\t<div class=\"swiper-pagination\"><\/div>\n<\/div>\n\t\t\t\t<\/div>\n\t\t\t\t<\/div>\n\t\t\t\t\t<\/div>\n\t\t<\/div>\n\t\t\t\t\t<\/div>\n\t\t<\/section>\n\t\t\t\t<section class=\"elementor-section elementor-top-section elementor-element elementor-element-652dd972 elementor-section-boxed elementor-section-height-default elementor-section-height-default exad-glass-effect-no exad-sticky-section-no\" data-id=\"652dd972\" data-element_type=\"section\" data-e-type=\"section\" data-settings=\"{&quot;background_background&quot;:&quot;gradient&quot;}\">\n\t\t\t\t\t\t<div class=\"elementor-container elementor-column-gap-default\">\n\t\t\t\t\t<div class=\"aux-parallax-section elementor-column elementor-col-33 elementor-top-column elementor-element elementor-element-58782491 exad-glass-effect-no exad-sticky-section-no\" data-id=\"58782491\" data-element_type=\"column\" data-e-type=\"column\">\n\t\t\t<div class=\"elementor-widget-wrap elementor-element-populated\">\n\t\t\t\t\t\t<div class=\"elementor-element elementor-element-2c626acc exad-sticky-section-no exad-glass-effect-no elementor-widget elementor-widget-heading\" data-id=\"2c626acc\" data-element_type=\"widget\" data-e-type=\"widget\" data-widget_type=\"heading.default\">\n\t\t\t\t<div class=\"elementor-widget-container\">\n\t\t\t\t\t<h2 class=\"elementor-heading-title elementor-size-default\">Interes\u0113? Sazinieties, dal\u012bsimies ar padomiem un ieteikumiem<\/h2>\t\t\t\t<\/div>\n\t\t\t\t<\/div>\n\t\t\t\t\t<\/div>\n\t\t<\/div>\n\t\t\t\t<div class=\"aux-parallax-section elementor-column elementor-col-66 elementor-top-column elementor-element elementor-element-5414987a exad-glass-effect-no exad-sticky-section-no\" data-id=\"5414987a\" data-element_type=\"column\" data-e-type=\"column\">\n\t\t\t<div class=\"elementor-widget-wrap elementor-element-populated\">\n\t\t\t\t\t\t<div class=\"elementor-element elementor-element-52b974d exad-sticky-section-no exad-glass-effect-no elementor-widget elementor-widget-exad-contact-form-7\" data-id=\"52b974d\" data-element_type=\"widget\" data-e-type=\"widget\" data-widget_type=\"exad-contact-form-7.default\">\n\t\t\t\t<div class=\"elementor-widget-container\">\n\t\t\t\t\t            <div class=\"exad-contact-form exad-contact-form-7 exad-contact-form-52b974d\">\r\n                    \r\n                                        \r\n                \n<div class=\"wpcf7 no-js\" id=\"wpcf7-f2545-o1\" lang=\"lv-LV\" dir=\"ltr\" data-wpcf7-id=\"2545\">\n<div class=\"screen-reader-response\"><p role=\"status\" aria-live=\"polite\" aria-atomic=\"true\"><\/p> <ul><\/ul><\/div>\n<form action=\"\/lv\/wp-json\/wp\/v2\/pages\/2395#wpcf7-f2545-o1\" method=\"post\" class=\"wpcf7-form init\" aria-label=\"Contact form\" novalidate=\"novalidate\" data-status=\"init\">\n<fieldset class=\"hidden-fields-container\"><input type=\"hidden\" name=\"_wpcf7\" value=\"2545\" \/><input type=\"hidden\" name=\"_wpcf7_version\" value=\"6.1.5\" \/><input type=\"hidden\" name=\"_wpcf7_locale\" value=\"lv_LV\" \/><input type=\"hidden\" name=\"_wpcf7_unit_tag\" value=\"wpcf7-f2545-o1\" \/><input type=\"hidden\" name=\"_wpcf7_container_post\" value=\"0\" \/><input type=\"hidden\" name=\"_wpcf7_posted_data_hash\" value=\"\" \/><input type=\"hidden\" name=\"_wpcf7_recaptcha_response\" value=\"\" \/>\n<\/fieldset>\n<div class=\"slopemower-form\">\n\t<div class=\"slopemower-form-partone\">\n\t\t<div class=\"aux-input-group\">\n\t\t\t<p><label for=\"going\" class=\"my-label-1\">Tavs v\u0101rds?<\/label><br \/>\n<i class=\"aux-name-icon\"><\/i><span class=\"wpcf7-form-control-wrap\" data-name=\"text-385\"><input size=\"40\" maxlength=\"400\" class=\"wpcf7-form-control wpcf7-text\" aria-invalid=\"false\" placeholder=\"nosaukums\" value=\"\" type=\"text\" name=\"text-385\" \/><\/span>\n\t\t\t<\/p>\n\t\t<\/div>\n\t\t<div class=\"aux-input-group\">\n\t\t\t<p><label for=\"date\" class=\"my-label-2\">J\u016bsu kontaktt\u0101lru\u0146a numurs?<\/label><br \/>\n<i class=\"aux-phone-icon\"><\/i><span class=\"wpcf7-form-control-wrap\" data-name=\"tel-56\"><input size=\"40\" maxlength=\"400\" class=\"wpcf7-form-control wpcf7-tel wpcf7-text wpcf7-validates-as-tel\" aria-invalid=\"false\" placeholder=\"telefona numurs\" value=\"\" type=\"tel\" name=\"tel-56\" \/><\/span>\n\t\t\t<\/p>\n\t\t<\/div>\n\t\t<div class=\"aux-input-group\">\n\t\t\t<p><label for=\"out\" class=\"my-label-3\">Tava epasta adrese<\/label><br \/>\n<i class=\"aux-email-icon\"><\/i><span class=\"wpcf7-form-control-wrap\" data-name=\"email-360\"><input size=\"40\" maxlength=\"400\" class=\"wpcf7-form-control wpcf7-email wpcf7-text wpcf7-validates-as-email\" aria-invalid=\"false\" placeholder=\"epasta adrese\" value=\"\" type=\"email\" name=\"email-360\" \/><\/span>\n\t\t\t<\/p>\n\t\t<\/div>\n\t\t<p><span class=\"wpcf7-form-control-wrap\" data-name=\"Valikkastid\"><span class=\"wpcf7-form-control wpcf7-checkbox\"><span class=\"wpcf7-list-item first\"><label><input type=\"checkbox\" name=\"Valikkastid[]\" value=\"X ROT 70-EVO\" \/><span class=\"wpcf7-list-item-label\">X ROT 70-EVO<\/span><\/label><\/span><span class=\"wpcf7-list-item\"><label><input type=\"checkbox\" name=\"Valikkastid[]\" value=\"X ROT 80-EVO\" \/><span class=\"wpcf7-list-item-label\">X ROT 80-EVO<\/span><\/label><\/span><span class=\"wpcf7-list-item\"><label><input type=\"checkbox\" name=\"Valikkastid[]\" value=\"X ROT 95-EVO\" \/><span class=\"wpcf7-list-item-label\">X ROT 95-EVO<\/span><\/label><\/span><span class=\"wpcf7-list-item\"><label><input type=\"checkbox\" name=\"Valikkastid[]\" value=\"X FLAIL 80\" \/><span class=\"wpcf7-list-item-label\">X FLAIL 80<\/span><\/label><\/span><span class=\"wpcf7-list-item\"><label><input type=\"checkbox\" name=\"Valikkastid[]\" value=\"eROT 70-EVO\" \/><span class=\"wpcf7-list-item-label\">eROT 70-EVO<\/span><\/label><\/span><span class=\"wpcf7-list-item\"><label><input type=\"checkbox\" name=\"Valikkastid[]\" value=\"Papildu apr\u012bkojums\" \/><span class=\"wpcf7-list-item-label\">Papildu apr\u012bkojums<\/span><\/label><\/span><span class=\"wpcf7-list-item last\"><label><input type=\"checkbox\" name=\"Valikkastid[]\" value=\"Apkope\/remonts\" \/><span class=\"wpcf7-list-item-label\">Apkope\/remonts<\/span><\/label><\/span><\/span><\/span>\n\t\t<\/p>\n\t<\/div>\n\t<p><span class=\"wpcf7-form-control-wrap\" data-name=\"textarea-855\"><textarea cols=\"40\" rows=\"10\" maxlength=\"2000\" class=\"wpcf7-form-control wpcf7-textarea\" aria-invalid=\"false\" name=\"textarea-855\"><\/textarea><\/span>\n\t<\/p>\n<\/div>\n<div class=\"aux-button-submit\">\n\t<p><button type=\"submit\">Nos\u016btiet piepras\u012bjumu <\/button>\n\t<\/p>\n<\/div> \n\n <div class=\"wpcf7-response-output\" aria-hidden=\"true\"><\/div>\n<\/form>\n<\/div>\n            <\/div>\r\n            \r\n            \t\t\t\t<\/div>\n\t\t\t\t<\/div>\n\t\t\t\t\t<\/div>\n\t\t<\/div>\n\t\t\t\t\t<\/div>\n\t\t<\/section>\n\t\t\t\t<\/div>\n\t\t","protected":false},"excerpt":{"rendered":"<p>X FLAIL&nbsp;80 Apraksts Dati Viegls k\u0101pur\u0137\u0113\u017eu p\u013c\u0101v\u0113js, kas piln\u012bb\u0101 vad\u0101ms ar t\u0101lvad\u012bbas pulti. Ide\u0101li piem\u0113rots p\u013cau\u0161anai pat nog\u0101z\u0113s! Pateicoties vad\u012bbas panelim, operators var atrasties prom no iek\u0101rtas 200m r\u0101dius\u0101 un nav pak\u013cauts putek\u013ciem vai trok\u0161\u0146iem. Viegli p\u0101rvietojas pa nog\u0101z\u0113m un nel\u012bdzenu virsmu. X FLAIL grie\u017e ar Y-asme\u0146iem Piem\u0113rots nog\u0101z\u0113m l\u012bdz 45\u00b0 Darba platums: 80 cm [&hellip;]<\/p>\n","protected":false},"author":1,"featured_media":0,"parent":0,"menu_order":0,"comment_status":"closed","ping_status":"closed","template":"","meta":{"footnotes":""},"class_list":["post-2395","page","type-page","status-publish","hentry"],"_links":{"self":[{"href":"https:\/\/slopemower.eu\/lv\/wp-json\/wp\/v2\/pages\/2395","targetHints":{"allow":["GET"]}}],"collection":[{"href":"https:\/\/slopemower.eu\/lv\/wp-json\/wp\/v2\/pages"}],"about":[{"href":"https:\/\/slopemower.eu\/lv\/wp-json\/wp\/v2\/types\/page"}],"author":[{"embeddable":true,"href":"https:\/\/slopemower.eu\/lv\/wp-json\/wp\/v2\/users\/1"}],"replies":[{"embeddable":true,"href":"https:\/\/slopemower.eu\/lv\/wp-json\/wp\/v2\/comments?post=2395"}],"version-history":[{"count":12,"href":"https:\/\/slopemower.eu\/lv\/wp-json\/wp\/v2\/pages\/2395\/revisions"}],"predecessor-version":[{"id":4645,"href":"https:\/\/slopemower.eu\/lv\/wp-json\/wp\/v2\/pages\/2395\/revisions\/4645"}],"wp:attachment":[{"href":"https:\/\/slopemower.eu\/lv\/wp-json\/wp\/v2\/media?parent=2395"}],"curies":[{"name":"wp","href":"https:\/\/api.w.org\/{rel}","templated":true}]}}