{"id":1489,"date":"2023-03-01T09:40:47","date_gmt":"2023-03-01T07:40:47","guid":{"rendered":"https:\/\/slopemower.eu\/epower\/"},"modified":"2023-09-22T22:20:38","modified_gmt":"2023-09-22T19:20:38","slug":"epower","status":"publish","type":"page","link":"https:\/\/slopemower.eu\/lt\/epower\/","title":{"rendered":"epower"},"content":{"rendered":"\t\t<div data-elementor-type=\"wp-page\" data-elementor-id=\"1489\" class=\"elementor elementor-1489 elementor-550\">\n\t\t\t\t\t\t<section class=\"elementor-section elementor-top-section elementor-element elementor-element-f3d9a4b elementor-section-boxed elementor-section-height-default elementor-section-height-default exad-glass-effect-no exad-sticky-section-no\" data-id=\"f3d9a4b\" data-element_type=\"section\" data-e-type=\"section\">\n\t\t\t\t\t\t<div class=\"elementor-container elementor-column-gap-no\">\n\t\t\t\t\t<div class=\"aux-parallax-section elementor-column elementor-col-100 elementor-top-column elementor-element elementor-element-833d4d0 aux-appear-watch-animation aux-scale-down exad-glass-effect-no exad-sticky-section-no\" data-id=\"833d4d0\" data-element_type=\"column\" data-e-type=\"column\" data-settings=\"{&quot;background_background&quot;:&quot;gradient&quot;}\">\n\t\t\t<div class=\"elementor-widget-wrap elementor-element-populated\">\n\t\t\t\t\t<div class=\"elementor-background-overlay\"><\/div>\n\t\t\t\t\t\t<div class=\"elementor-element elementor-element-72023c5 exad-sticky-section-no exad-glass-effect-no elementor-invisible elementor-widget elementor-widget-image\" data-id=\"72023c5\" data-element_type=\"widget\" data-e-type=\"widget\" data-settings=\"{&quot;_animation&quot;:&quot;fadeInUp&quot;}\" data-widget_type=\"image.default\">\n\t\t\t\t<div class=\"elementor-widget-container\">\n\t\t\t\t\t\t\t\t\t\t\t\t\t\t\t<img decoding=\"async\" src=\"https:\/\/slopemower.eu\/wp-content\/uploads\/2023\/02\/barbieri_group_logo_black.png\" title=\"barbieri_group_logo_black\" alt=\"barbieri_group_logo_black\" loading=\"lazy\" \/>\t\t\t\t\t\t\t\t\t\t\t\t\t\t\t<\/div>\n\t\t\t\t<\/div>\n\t\t\t\t<section class=\"elementor-section elementor-inner-section elementor-element elementor-element-03941ee elementor-section-height-min-height elementor-section-boxed elementor-section-height-default exad-glass-effect-no exad-sticky-section-no\" data-id=\"03941ee\" data-element_type=\"section\" data-e-type=\"section\" data-settings=\"{&quot;background_background&quot;:&quot;gradient&quot;}\">\n\t\t\t\t\t\t<div class=\"elementor-container elementor-column-gap-no\">\n\t\t\t\t\t<div class=\"aux-parallax-section elementor-column elementor-col-100 elementor-inner-column elementor-element elementor-element-b117006 exad-glass-effect-no exad-sticky-section-no\" data-id=\"b117006\" data-element_type=\"column\" data-e-type=\"column\">\n\t\t\t<div class=\"elementor-widget-wrap elementor-element-populated\">\n\t\t\t\t\t\t<div class=\"elementor-element elementor-element-a87b39e aux-appear-watch-animation aux-scale-down exad-sticky-section-no exad-glass-effect-no elementor-widget elementor-widget-aux_modern_heading\" data-id=\"a87b39e\" data-element_type=\"widget\" data-e-type=\"widget\" data-widget_type=\"aux_modern_heading.default\">\n\t\t\t\t<div class=\"elementor-widget-container\">\n\t\t\t\t\t<section class=\"aux-widget-modern-heading\">\n            <div class=\"aux-widget-inner\"><h2 class=\"aux-modern-heading-primary\">e ROT 70-EVO<\/h2><p class=\"aux-modern-heading-secondary\"><span class=\"aux-head-before\">Pilnai elektrinis<\/span><\/p><\/div>\n        <\/section>\t\t\t\t<\/div>\n\t\t\t\t<\/div>\n\t\t\t\t\t<\/div>\n\t\t<\/div>\n\t\t\t\t\t<\/div>\n\t\t<\/section>\n\t\t\t\t\t<\/div>\n\t\t<\/div>\n\t\t\t\t\t<\/div>\n\t\t<\/section>\n\t\t\t\t<section class=\"elementor-section elementor-top-section elementor-element elementor-element-ca4376b elementor-section-boxed elementor-section-height-default elementor-section-height-default exad-glass-effect-no exad-sticky-section-no\" data-id=\"ca4376b\" data-element_type=\"section\" data-e-type=\"section\">\n\t\t\t\t\t\t<div class=\"elementor-container elementor-column-gap-default\">\n\t\t\t\t\t<div class=\"aux-parallax-section elementor-column elementor-col-66 elementor-top-column elementor-element elementor-element-59f26b6 exad-glass-effect-no exad-sticky-section-no\" data-id=\"59f26b6\" data-element_type=\"column\" data-e-type=\"column\">\n\t\t\t<div class=\"elementor-widget-wrap elementor-element-populated\">\n\t\t\t\t\t\t<div class=\"elementor-element elementor-element-34c77da exad-sticky-section-no exad-glass-effect-no elementor-widget elementor-widget-qi_addons_for_elementor_tabs_horizontal\" data-id=\"34c77da\" data-element_type=\"widget\" data-e-type=\"widget\" data-widget_type=\"qi_addons_for_elementor_tabs_horizontal.default\">\n\t\t\t\t<div class=\"elementor-widget-container\">\n\t\t\t\t\t<div class=\"qodef-shortcode qodef-m qodef-qi-tabs-horizontal qodef-qi-clear qodef-layout--simple qodef-title-hover--underline-draw qodef-title-underline-from-left\">\n\t<ul class=\"qodef-tabs-horizontal-navigation\">\n\t\t<li>\n\t<h5 class=\"qodef-tab-title\" role=\"tab\">\n\t\t<a href=\"#qodef-tab-fe4e79c\">\n\t\t\t<span class=\"q-text\">\n\t\t\t\tApib\u016bdinimas\t\t\t<\/span>\n\t\t<\/a>\n\t<\/h5>\n<\/li>\n<li>\n\t<h5 class=\"qodef-tab-title\" role=\"tab\">\n\t\t<a href=\"#qodef-tab-0c095d8\">\n\t\t\t<span class=\"q-text\">\n\t\t\t\tDuomenys\t\t\t<\/span>\n\t\t<\/a>\n\t<\/h5>\n<\/li>\n\t<\/ul>\n\t<div class=\"qodef-tabs-horizontal-content\" id=\"qodef-tab-fe4e79c\">\n\t<p><strong>\u0160i BARBIER prie\u017ei\u016bros vejapjov\u0117 yra elektrin\u0117 lengva vik\u0161rin\u0117 vejapjov\u0117, visi\u0161kai nuotoliniu b\u016bdu valdoma nuotolinio valdymo pulteliu.<\/strong><\/p><p>Tai tvirta ir kompakti\u0161ka ma\u0161ina, kuri\u0105 lengva transportuoti i\u0161 vienos darbo vietos \u012f kit\u0105.<\/p><p>Pjovimo auk\u0161t\u012f (3-15 cm) lengva reguliuoti valdymo skydeliu.<\/p><p>Darbinis plotis: 70 cm<\/p><p>Greitis: 0-8 km\/val<\/p><p>Variklis: 10 kW elektrinis<\/p><p><strong>\u0160i nuo\u017eulni vejapjov\u0117 yra labai geras sprendimas pjauti plotus, kuri\u0173 pasvirimo kampas yra iki 45\u00b0.<\/strong><\/p><p>Lengvas pjovimas pirmyn ir atgal.<\/p><p>Papildomas ma\u0161inos privalumas \u2013 prie\u017ei\u016bros nereikalaujanti elektrin\u0117 pavara. Be hidraulikos, be filtr\u0173, be tepal\u0173. Vik\u0161rai varomi be\u0161epetiniu elektros varikliu<\/p><p><strong>Pilnai elektrinis<\/strong><\/p><p>Galia 10kw<\/p><p>\u017demas r\u0117mas<\/p><p>Nuotolinio valdymo pultas<\/p><p>GPS parengtis<\/p><p>Su dideliu sukibimu ir stabilumu<\/p><p>Ma\u0161ina puikiai \u012fveikia sta\u010dius \u0161laitus<\/p><p>Naudojimo laikas 3-5 valandos (kinta priklausomai nuo darbo s\u0105lyg\u0173)<\/p><p>\u012ekrovimo laikas 6 valandos <\/p><\/div>\n<div class=\"qodef-tabs-horizontal-content\" id=\"qodef-tab-0c095d8\">\n\t<p><strong>Darbinis plotis: 70 cm<\/strong><\/p><p><strong>VARIKLIS<\/strong><br>Su elektriniu paleidimu BHV 83973N<br>Variklio sukimo momentas 17 Nm @ 3000 aps.\/min<br>Galia: 10 kW \/ 13,6 AG<br>Baterijos veikimo laikas: 3 valandos<br><strong>PJOVIMO SISTEMA:<\/strong><br>Pjovimo tipas: Mul\u010diavimas<br>A\u0161men\u0173 skai\u010dius: 2 <br>Pjovimo skersmuo (cm): iki 4<br>Gamybiniais m2\/h (*): 3000<br><br>Plotis Ilgis Auk\u0161tis 1200x1350x650 cm<br>Grynasis svoris 370 kg<br>\u012e\u017eeminimo sl\u0117gis 137 g\/cm2<\/p><p>(*) pjovimas ir darbo s\u0105lygos: maksimalus \u017eol\u0117s auk\u0161tis 40 cm - sausa \u017eem\u0117 - plok\u0161\u010dia \u017eem\u0117 25\u00b0<\/p><\/div>\n<\/div>\n\t\t\t\t<\/div>\n\t\t\t\t<\/div>\n\t\t\t\t<div class=\"elementor-element elementor-element-f0ffa00 exad-sticky-section-no exad-glass-effect-no elementor-widget elementor-widget-aux_modern_heading\" data-id=\"f0ffa00\" data-element_type=\"widget\" data-e-type=\"widget\" data-widget_type=\"aux_modern_heading.default\">\n\t\t\t\t<div class=\"elementor-widget-container\">\n\t\t\t\t\t<section class=\"aux-widget-modern-heading\">\n            <div class=\"aux-widget-inner\"><h2 class=\"aux-modern-heading-primary\">\u0160iam modeliui pried\u0173 n\u0117ra<\/h2><div class=\"aux-modern-heading-divider\"><\/div><\/div>\n        <\/section>\t\t\t\t<\/div>\n\t\t\t\t<\/div>\n\t\t\t\t\t<\/div>\n\t\t<\/div>\n\t\t\t\t<div class=\"aux-parallax-section elementor-column elementor-col-33 elementor-top-column elementor-element elementor-element-43dd7a4 exad-glass-effect-no exad-sticky-section-no\" data-id=\"43dd7a4\" data-element_type=\"column\" data-e-type=\"column\">\n\t\t\t<div class=\"elementor-widget-wrap elementor-element-populated\">\n\t\t\t\t\t\t<div class=\"elementor-element elementor-element-473a71c exad-sticky-section-no exad-glass-effect-no elementor-widget elementor-widget-qi_addons_for_elementor_image_slider\" data-id=\"473a71c\" data-element_type=\"widget\" data-e-type=\"widget\" data-widget_type=\"qi_addons_for_elementor_image_slider.default\">\n\t\t\t\t<div class=\"elementor-widget-container\">\n\t\t\t\t\t<div class=\"qodef-shortcode qodef-m qodef-qi-image-slider qodef-qi-fslightbox-popup qodef-popup-gallery qodef-col-num--1 qodef-qi-grid qodef-qi-swiper-container qodef-navigation--inside qodef-pagination--inside qodef-navigation--hover-move\" data-options=\"{&quot;direction&quot;:&quot;horizontal&quot;,&quot;slidesPerView&quot;:&quot;1&quot;,&quot;spaceBetween&quot;:30,&quot;spaceBetweenTablet&quot;:30,&quot;spaceBetweenMobile&quot;:30,&quot;effect&quot;:&quot;fade&quot;,&quot;loop&quot;:true,&quot;autoplay&quot;:false,&quot;centeredSlides&quot;:false,&quot;speed&quot;:&quot;&quot;,&quot;speedAnimation&quot;:&quot;&quot;,&quot;outsideNavigation&quot;:&quot;no&quot;,&quot;outsidePagination&quot;:&quot;no&quot;,&quot;unique&quot;:988,&quot;partialValue&quot;:0,&quot;disablePartialValue&quot;:&quot;&quot;,&quot;parallax&quot;:&quot;no&quot;}\">\n\t<div class=\"swiper-wrapper\">\n\t\t<div class=\"qodef-e swiper-slide\">\n\t<div class=\"qodef-e-inner\">\n\t\t<div class=\"qodef-e-inner-holder\">\n\t\t\t\t\t\t\t<a class=\"qodef-popup-item\" itemprop=\"image\" href=\"https:\/\/slopemower.eu\/wp-content\/uploads\/2023\/03\/epower_01-1.jpg\" data-type=\"image\" data-fslightbox=\"gallery-988\" data-e-disable-page-transition=\u201dtrue\u201d>\n\t\t\t\t\t\t\t<img fetchpriority=\"high\" decoding=\"async\" width=\"2048\" height=\"1367\" src=\"https:\/\/slopemower.eu\/wp-content\/uploads\/2023\/03\/epower_01-1.jpg\" class=\"attachment-full size-full\" alt=\"\" srcset=\"https:\/\/slopemower.eu\/wp-content\/uploads\/2023\/03\/epower_01-1.jpg 2048w, https:\/\/slopemower.eu\/wp-content\/uploads\/2023\/03\/epower_01-1-1536x1025.jpg 1536w\" sizes=\"(max-width: 2048px) 100vw, 2048px\" \/>\t\t\t\t\t\t\t<\/a>\n\t\t\t\t\t<\/div>\n\t<\/div>\n\t<\/div>\n\t<\/div>\n\t\t<div class=\"swiper-button-prev\"><svg class=\"qodef-swiper-arrow-left\" xmlns=\"http:\/\/www.w3.org\/2000\/svg\" x=\"0px\" y=\"0px\" viewBox=\"0 0 34.2 32.3\" xml:space=\"preserve\" style=\"stroke-width: 2;\"><line x1=\"0.5\" y1=\"16\" x2=\"33.5\" y2=\"16\"\/><line x1=\"0.3\" y1=\"16.5\" x2=\"16.2\" y2=\"0.7\"\/><line x1=\"0\" y1=\"15.4\" x2=\"16.2\" y2=\"31.6\"\/><\/svg><\/div>\n\t<div class=\"swiper-button-next\"><svg class=\"qodef-swiper-arrow-right\" xmlns=\"http:\/\/www.w3.org\/2000\/svg\" x=\"0px\" y=\"0px\" viewBox=\"0 0 34.2 32.3\" xml:space=\"preserve\" style=\"stroke-width: 2;\"><line x1=\"0\" y1=\"16\" x2=\"33\" y2=\"16\"\/><line x1=\"17.3\" y1=\"0.7\" x2=\"33.2\" y2=\"16.5\"\/><line x1=\"17.3\" y1=\"31.6\" x2=\"33.5\" y2=\"15.4\"\/><\/svg><\/div>\n\t<div class=\"swiper-pagination\"><\/div>\n<\/div>\n\t\t\t\t<\/div>\n\t\t\t\t<\/div>\n\t\t\t\t\t<\/div>\n\t\t<\/div>\n\t\t\t\t\t<\/div>\n\t\t<\/section>\n\t\t\t\t<section class=\"elementor-section elementor-top-section elementor-element elementor-element-6c6f1275 elementor-section-boxed elementor-section-height-default elementor-section-height-default exad-glass-effect-no exad-sticky-section-no\" data-id=\"6c6f1275\" data-element_type=\"section\" data-e-type=\"section\" data-settings=\"{&quot;background_background&quot;:&quot;gradient&quot;}\">\n\t\t\t\t\t\t<div class=\"elementor-container elementor-column-gap-default\">\n\t\t\t\t\t<div class=\"aux-parallax-section elementor-column elementor-col-33 elementor-top-column elementor-element elementor-element-30c14181 exad-glass-effect-no exad-sticky-section-no\" data-id=\"30c14181\" data-element_type=\"column\" data-e-type=\"column\">\n\t\t\t<div class=\"elementor-widget-wrap elementor-element-populated\">\n\t\t\t\t\t\t<div class=\"elementor-element elementor-element-47b0aa2c exad-sticky-section-no exad-glass-effect-no elementor-widget elementor-widget-heading\" data-id=\"47b0aa2c\" data-element_type=\"widget\" data-e-type=\"widget\" data-widget_type=\"heading.default\">\n\t\t\t\t<div class=\"elementor-widget-container\">\n\t\t\t\t\t<h2 class=\"elementor-heading-title elementor-size-default\">Suinteresuotas? Susisiekite, pasidalinsime patarimais ir rekomendacijomis<\/h2>\t\t\t\t<\/div>\n\t\t\t\t<\/div>\n\t\t\t\t\t<\/div>\n\t\t<\/div>\n\t\t\t\t<div class=\"aux-parallax-section elementor-column elementor-col-66 elementor-top-column elementor-element elementor-element-69ed6490 exad-glass-effect-no exad-sticky-section-no\" data-id=\"69ed6490\" data-element_type=\"column\" data-e-type=\"column\">\n\t\t\t<div class=\"elementor-widget-wrap elementor-element-populated\">\n\t\t\t\t\t\t<div class=\"elementor-element elementor-element-1d11753e exad-sticky-section-no exad-glass-effect-no elementor-widget elementor-widget-exad-contact-form-7\" data-id=\"1d11753e\" data-element_type=\"widget\" data-e-type=\"widget\" data-widget_type=\"exad-contact-form-7.default\">\n\t\t\t\t<div class=\"elementor-widget-container\">\n\t\t\t\t\t            <div class=\"exad-contact-form exad-contact-form-7 exad-contact-form-1d11753e\">\r\n                    \r\n                                        \r\n                \n<div class=\"wpcf7 no-js\" id=\"wpcf7-f1452-o1\" lang=\"lt-LT\" dir=\"ltr\" data-wpcf7-id=\"1452\">\n<div class=\"screen-reader-response\"><p role=\"status\" aria-live=\"polite\" aria-atomic=\"true\"><\/p> <ul><\/ul><\/div>\n<form action=\"\/lt\/wp-json\/wp\/v2\/pages\/1489#wpcf7-f1452-o1\" method=\"post\" class=\"wpcf7-form init\" aria-label=\"Kontakt\u0173 forma\" novalidate=\"novalidate\" data-status=\"init\">\n<fieldset class=\"hidden-fields-container\"><input type=\"hidden\" name=\"_wpcf7\" value=\"1452\" \/><input type=\"hidden\" name=\"_wpcf7_version\" value=\"6.1.5\" \/><input type=\"hidden\" name=\"_wpcf7_locale\" value=\"lt_LT\" \/><input type=\"hidden\" name=\"_wpcf7_unit_tag\" value=\"wpcf7-f1452-o1\" \/><input type=\"hidden\" name=\"_wpcf7_container_post\" value=\"0\" \/><input type=\"hidden\" name=\"_wpcf7_posted_data_hash\" value=\"\" \/><input type=\"hidden\" name=\"_wpcf7_recaptcha_response\" value=\"\" \/>\n<\/fieldset>\n<div class=\"slopemower-form\">\n\t<div class=\"slopemower-form-partone\">\n\t\t<div class=\"aux-input-group\">\n\t\t\t<p><label for=\"going\" class=\"my-label-1\">Tavo vardas?<\/label><br \/>\n<i class=\"aux-name-icon\"><\/i><span class=\"wpcf7-form-control-wrap\" data-name=\"text-385\"><input size=\"40\" maxlength=\"400\" class=\"wpcf7-form-control wpcf7-text\" aria-invalid=\"false\" placeholder=\"vardas\" value=\"\" type=\"text\" name=\"text-385\" \/><\/span>\n\t\t\t<\/p>\n\t\t<\/div>\n\t\t<div class=\"aux-input-group\">\n\t\t\t<p><label for=\"date\" class=\"my-label-2\">J\u016bs\u0173 kontaktinis telefono numeris?<\/label><br \/>\n<i class=\"aux-phone-icon\"><\/i><span class=\"wpcf7-form-control-wrap\" data-name=\"tel-56\"><input size=\"40\" maxlength=\"400\" class=\"wpcf7-form-control wpcf7-tel wpcf7-text wpcf7-validates-as-tel\" aria-invalid=\"false\" placeholder=\"telefono numeris\" value=\"\" type=\"tel\" name=\"tel-56\" \/><\/span>\n\t\t\t<\/p>\n\t\t<\/div>\n\t\t<div class=\"aux-input-group\">\n\t\t\t<p><label for=\"out\" class=\"my-label-3\">J\u016bs\u0173 elektroninio pa\u0161to adresas<\/label><br \/>\n<i class=\"aux-email-icon\"><\/i><span class=\"wpcf7-form-control-wrap\" data-name=\"email-360\"><input size=\"40\" maxlength=\"400\" class=\"wpcf7-form-control wpcf7-email wpcf7-text wpcf7-validates-as-email\" aria-invalid=\"false\" placeholder=\"elektroninio pa\u0161to adresas\" value=\"\" type=\"email\" name=\"email-360\" \/><\/span>\n\t\t\t<\/p>\n\t\t<\/div>\n\t\t<p><span class=\"wpcf7-form-control-wrap\" data-name=\"Valikkastid\"><span class=\"wpcf7-form-control wpcf7-checkbox\"><span class=\"wpcf7-list-item first\"><label><input type=\"checkbox\" name=\"Valikkastid[]\" value=\"X ROT 70-EVO\" \/><span class=\"wpcf7-list-item-label\">X ROT 70-EVO<\/span><\/label><\/span><span class=\"wpcf7-list-item\"><label><input type=\"checkbox\" name=\"Valikkastid[]\" value=\"X ROT 80-EVO\" \/><span class=\"wpcf7-list-item-label\">X ROT 80-EVO<\/span><\/label><\/span><span class=\"wpcf7-list-item\"><label><input type=\"checkbox\" name=\"Valikkastid[]\" value=\"X ROT 95-EVO\" \/><span class=\"wpcf7-list-item-label\">X ROT 95-EVO<\/span><\/label><\/span><span class=\"wpcf7-list-item\"><label><input type=\"checkbox\" name=\"Valikkastid[]\" value=\"X FLAIL 80\" \/><span class=\"wpcf7-list-item-label\">X FLAIL 80<\/span><\/label><\/span><span class=\"wpcf7-list-item\"><label><input type=\"checkbox\" name=\"Valikkastid[]\" value=\"eROT 70-EVO\" \/><span class=\"wpcf7-list-item-label\">eROT 70-EVO<\/span><\/label><\/span><span class=\"wpcf7-list-item\"><label><input type=\"checkbox\" name=\"Valikkastid[]\" value=\"Papildoma \u012franga\" \/><span class=\"wpcf7-list-item-label\">Papildoma \u012franga<\/span><\/label><\/span><span class=\"wpcf7-list-item last\"><label><input type=\"checkbox\" name=\"Valikkastid[]\" value=\"Prie\u017ei\u016bra\/remontas\" \/><span class=\"wpcf7-list-item-label\">Prie\u017ei\u016bra\/remontas<\/span><\/label><\/span><\/span><\/span>\n\t\t<\/p>\n\t<\/div>\n\t<p><span class=\"wpcf7-form-control-wrap\" data-name=\"textarea-855\"><textarea cols=\"40\" rows=\"10\" maxlength=\"2000\" class=\"wpcf7-form-control wpcf7-textarea\" aria-invalid=\"false\" name=\"textarea-855\"><\/textarea><\/span>\n\t<\/p>\n<\/div>\n<div class=\"aux-button-submit\">\n\t<p><button type=\"submit\">Si\u0173sti u\u017eklaus\u0105 <\/button>\n\t<\/p>\n<\/div> \n\n <div class=\"wpcf7-response-output\" aria-hidden=\"true\"><\/div>\n<\/form>\n<\/div>\n            <\/div>\r\n            \r\n            \t\t\t\t<\/div>\n\t\t\t\t<\/div>\n\t\t\t\t\t<\/div>\n\t\t<\/div>\n\t\t\t\t\t<\/div>\n\t\t<\/section>\n\t\t\t\t<\/div>\n\t\t","protected":false},"excerpt":{"rendered":"<p>e ROT 70-EVO Pilnai elektrinis Apib\u016bdinimas Duomenys \u0160i BARBIER prie\u017ei\u016bros vejapjov\u0117 yra elektrin\u0117 lengva vik\u0161rin\u0117 vejapjov\u0117, visi\u0161kai nuotoliniu b\u016bdu valdoma nuotolinio valdymo pulteliu. Tai tvirta ir kompakti\u0161ka ma\u0161ina, kuri\u0105 lengva transportuoti i\u0161 vienos darbo vietos \u012f kit\u0105. Pjovimo auk\u0161t\u012f (3-15 cm) lengva reguliuoti valdymo skydeliu. Darbinis plotis: 70 cm Greitis: 0-8 km\/val Variklis: 10 kW [&hellip;]<\/p>\n","protected":false},"author":1,"featured_media":0,"parent":0,"menu_order":0,"comment_status":"closed","ping_status":"closed","template":"templates\/page-builder-content.php","meta":{"footnotes":""},"class_list":["post-1489","page","type-page","status-publish","hentry"],"_links":{"self":[{"href":"https:\/\/slopemower.eu\/lt\/wp-json\/wp\/v2\/pages\/1489","targetHints":{"allow":["GET"]}}],"collection":[{"href":"https:\/\/slopemower.eu\/lt\/wp-json\/wp\/v2\/pages"}],"about":[{"href":"https:\/\/slopemower.eu\/lt\/wp-json\/wp\/v2\/types\/page"}],"author":[{"embeddable":true,"href":"https:\/\/slopemower.eu\/lt\/wp-json\/wp\/v2\/users\/1"}],"replies":[{"embeddable":true,"href":"https:\/\/slopemower.eu\/lt\/wp-json\/wp\/v2\/comments?post=1489"}],"version-history":[{"count":8,"href":"https:\/\/slopemower.eu\/lt\/wp-json\/wp\/v2\/pages\/1489\/revisions"}],"predecessor-version":[{"id":4656,"href":"https:\/\/slopemower.eu\/lt\/wp-json\/wp\/v2\/pages\/1489\/revisions\/4656"}],"wp:attachment":[{"href":"https:\/\/slopemower.eu\/lt\/wp-json\/wp\/v2\/media?parent=1489"}],"curies":[{"name":"wp","href":"https:\/\/api.w.org\/{rel}","templated":true}]}}