{"id":3960,"date":"2020-07-25T13:07:02","date_gmt":"2020-07-25T10:07:02","guid":{"rendered":"https:\/\/slopemower.eu\/ottaa-yhteytta\/"},"modified":"2024-11-19T10:53:37","modified_gmt":"2024-11-19T08:53:37","slug":"ottaa-yhteytta","status":"publish","type":"page","link":"https:\/\/slopemower.eu\/fi\/ottaa-yhteytta\/","title":{"rendered":"Ottaa yhteytt\u00e4"},"content":{"rendered":"\t\t<div data-elementor-type=\"wp-page\" data-elementor-id=\"3960\" class=\"elementor elementor-3960 elementor-41\">\n\t\t\t\t\t\t<section class=\"elementor-section elementor-top-section elementor-element elementor-element-658e7a3 elementor-section-content-middle elementor-section-boxed elementor-section-height-default elementor-section-height-default exad-glass-effect-no exad-sticky-section-no\" data-id=\"658e7a3\" data-element_type=\"section\" data-e-type=\"section\">\n\t\t\t\t\t\t<div class=\"elementor-container elementor-column-gap-no\">\n\t\t\t\t\t<div class=\"aux-parallax-section elementor-column elementor-col-50 elementor-top-column elementor-element elementor-element-816a04f exad-glass-effect-no exad-sticky-section-no\" data-id=\"816a04f\" data-element_type=\"column\" data-e-type=\"column\">\n\t\t\t<div class=\"elementor-widget-wrap elementor-element-populated\">\n\t\t\t\t\t\t<div class=\"elementor-element elementor-element-a5ba131 e-transform exad-sticky-section-no exad-glass-effect-no elementor-widget elementor-widget-image\" data-id=\"a5ba131\" data-element_type=\"widget\" data-e-type=\"widget\" data-settings=\"{&quot;_transform_scale_effect&quot;:{&quot;unit&quot;:&quot;px&quot;,&quot;size&quot;:0.5,&quot;sizes&quot;:[]},&quot;_transform_scale_effect_tablet&quot;:{&quot;unit&quot;:&quot;px&quot;,&quot;size&quot;:&quot;&quot;,&quot;sizes&quot;:[]},&quot;_transform_scale_effect_mobile&quot;:{&quot;unit&quot;:&quot;px&quot;,&quot;size&quot;:&quot;&quot;,&quot;sizes&quot;:[]}}\" data-widget_type=\"image.default\">\n\t\t\t\t<div class=\"elementor-widget-container\">\n\t\t\t\t\t\t\t\t\t\t\t\t\t\t\t<img fetchpriority=\"high\" decoding=\"async\" width=\"1417\" height=\"440\" src=\"https:\/\/slopemower.eu\/wp-content\/uploads\/2023\/03\/aiataht_300.jpg\" class=\"attachment-full size-full wp-image-3920\" alt=\"\" \/>\t\t\t\t\t\t\t\t\t\t\t\t\t\t\t<\/div>\n\t\t\t\t<\/div>\n\t\t\t\t<div class=\"elementor-element elementor-element-4247230 aux-appear-watch-animation aux-slide-from-bot exad-sticky-section-no exad-glass-effect-no elementor-widget elementor-widget-aux_modern_heading\" data-id=\"4247230\" data-element_type=\"widget\" data-e-type=\"widget\" data-widget_type=\"aux_modern_heading.default\">\n\t\t\t\t<div class=\"elementor-widget-container\">\n\t\t\t\t\t<section class=\"aux-widget-modern-heading\">\n            <div class=\"aux-widget-inner\"><h2 class=\"aux-modern-heading-primary\">Aiat\u00e4ht O\u00dc on BARBIERI GROUPin edustaja ja j\u00e4lleenmyyntikumppani Baltiassa.<\/h2><div class=\"aux-modern-heading-description\"><p>Hoidamme laitteiden myynnin sek\u00e4 kulutustarvikkeiden ja varaosien saatavuuden sek\u00e4 teknisen tuen.<\/p>\n<p>AIAT\u00c4HT O\u00dc<\/p>\n<p>Tuleviku tee 10, Peetri<\/p>\n<p>Raen kunta, Harjumaa, Viro<\/p>\n<p><a href=\"http:\/\/www.slopemower.eu\">www.slopemower.eu<\/a><\/p>\n<\/div><\/div>\n        <\/section>\t\t\t\t<\/div>\n\t\t\t\t<\/div>\n\t\t\t\t<div class=\"elementor-element elementor-element-d922534 aux-appear-watch-animation aux-slide-from-bot exad-sticky-section-no exad-glass-effect-no elementor-widget elementor-widget-aux_modern_heading\" data-id=\"d922534\" data-element_type=\"widget\" data-e-type=\"widget\" data-widget_type=\"aux_modern_heading.default\">\n\t\t\t\t<div class=\"elementor-widget-container\">\n\t\t\t\t\t<section class=\"aux-widget-modern-heading\">\n            <div class=\"aux-widget-inner\"><h2 class=\"aux-modern-heading-primary\">s\u00e4hk\u00f6posti<\/h2><div class=\"aux-modern-heading-description\"><p><a href=\"mailto:info@slopemower.eu\">info@slopemower.eu<\/a><\/p>\n<\/div><\/div>\n        <\/section>\t\t\t\t<\/div>\n\t\t\t\t<\/div>\n\t\t\t\t<div class=\"elementor-element elementor-element-435edc8 aux-appear-watch-animation aux-slide-from-bot exad-sticky-section-no exad-glass-effect-no elementor-widget elementor-widget-aux_modern_heading\" data-id=\"435edc8\" data-element_type=\"widget\" data-e-type=\"widget\" data-widget_type=\"aux_modern_heading.default\">\n\t\t\t\t<div class=\"elementor-widget-container\">\n\t\t\t\t\t<section class=\"aux-widget-modern-heading\">\n            <div class=\"aux-widget-inner\"><h2 class=\"aux-modern-heading-primary\">Puhelin<\/h2><div class=\"aux-modern-heading-description\"><p>ER 9-18 (+372) 512 0510<\/p>\n<\/div><\/div>\n        <\/section>\t\t\t\t<\/div>\n\t\t\t\t<\/div>\n\t\t\t\t<div class=\"elementor-element elementor-element-9dd9301 exad-sticky-section-no exad-glass-effect-no elementor-widget elementor-widget-text-editor\" data-id=\"9dd9301\" data-element_type=\"widget\" data-e-type=\"widget\" data-widget_type=\"text-editor.default\">\n\t\t\t\t<div class=\"elementor-widget-container\">\n\t\t\t\t\t\t\t\t\t<\/p>\n<p class=\"MsoNormal\"><b><span lang=\"EN-US\">Aiat\u00e4ht O\u00dc<\/span><\/b> <b><span lang=\"EN-US\">rekisteritunnus: 11554463 ja ALV-numero: EE101266895<\/span><\/b><\/p>\n<p class=\"MsoNormal\"><b><span lang=\"EN-US\">Pankki: AS SEB Bank<\/span><\/b><\/p>\n<p class=\"MsoNormal\"><span lang=\"EN-US\">IBAN-koodi: EE601010220092661010 SWIFT: EEUHEE2X<\/span><\/p>\n<p class=\"MsoNormal\"><b><span lang=\"EN-US\">Pankki: Swedbank<\/span><\/b><\/p>\n<p class=\"MsoNormal\"><span lang=\"EN-US\">IBAN-koodi: EE562200221074517256 SWIFT: HABAEE2X<\/span><\/p>\n\t\t\t\t\t\t\t\t<\/div>\n\t\t\t\t<\/div>\n\t\t\t\t\t<\/div>\n\t\t<\/div>\n\t\t\t\t<div class=\"aux-parallax-section elementor-column elementor-col-50 elementor-top-column elementor-element elementor-element-c4cf8f8 exad-glass-effect-no exad-sticky-section-no\" data-id=\"c4cf8f8\" data-element_type=\"column\" data-e-type=\"column\">\n\t\t\t<div class=\"elementor-widget-wrap elementor-element-populated\">\n\t\t\t\t\t\t<div class=\"elementor-element elementor-element-dd808b9 exad-sticky-section-no exad-glass-effect-no elementor-widget elementor-widget-heading\" data-id=\"dd808b9\" data-element_type=\"widget\" data-e-type=\"widget\" data-widget_type=\"heading.default\">\n\t\t\t\t<div class=\"elementor-widget-container\">\n\t\t\t\t\t<h4 class=\"elementor-heading-title elementor-size-default\">Yhteydenottolomake:<\/h4>\t\t\t\t<\/div>\n\t\t\t\t<\/div>\n\t\t\t\t<div class=\"elementor-element elementor-element-3478f5f exad-sticky-section-no exad-glass-effect-no elementor-widget elementor-widget-exad-contact-form-7\" data-id=\"3478f5f\" data-element_type=\"widget\" data-e-type=\"widget\" data-widget_type=\"exad-contact-form-7.default\">\n\t\t\t\t<div class=\"elementor-widget-container\">\n\t\t\t\t\t            <div class=\"exad-contact-form exad-contact-form-7 exad-contact-form-3478f5f\">\r\n                    \r\n                                        \r\n                \n<div class=\"wpcf7 no-js\" id=\"wpcf7-f4047-o1\" lang=\"fi\" dir=\"ltr\" data-wpcf7-id=\"4047\">\n<div class=\"screen-reader-response\"><p role=\"status\" aria-live=\"polite\" aria-atomic=\"true\"><\/p> <ul><\/ul><\/div>\n<form action=\"\/fi\/wp-json\/wp\/v2\/pages\/3960#wpcf7-f4047-o1\" method=\"post\" class=\"wpcf7-form init\" aria-label=\"Yhteydenottolomake\" novalidate=\"novalidate\" data-status=\"init\">\n<fieldset class=\"hidden-fields-container\"><input type=\"hidden\" name=\"_wpcf7\" value=\"4047\" \/><input type=\"hidden\" name=\"_wpcf7_version\" value=\"6.1.5\" \/><input type=\"hidden\" name=\"_wpcf7_locale\" value=\"fi\" \/><input type=\"hidden\" name=\"_wpcf7_unit_tag\" value=\"wpcf7-f4047-o1\" \/><input type=\"hidden\" name=\"_wpcf7_container_post\" value=\"0\" \/><input type=\"hidden\" name=\"_wpcf7_posted_data_hash\" value=\"\" \/><input type=\"hidden\" name=\"_wpcf7_recaptcha_response\" value=\"\" \/>\n<\/fieldset>\n<div class=\"slopemower-form\">\n\t<div class=\"slopemower-form-partone\">\n\t\t<div class=\"aux-input-group\">\n\t\t\t<p><label for=\"going\" class=\"my-label-1\">Sinun nimesi?<\/label><br \/>\n<i class=\"aux-name-icon\"><\/i><span class=\"wpcf7-form-control-wrap\" data-name=\"text-385\"><input size=\"40\" maxlength=\"400\" class=\"wpcf7-form-control wpcf7-text\" aria-invalid=\"false\" placeholder=\"nimi\" value=\"\" type=\"text\" name=\"text-385\" \/><\/span>\n\t\t\t<\/p>\n\t\t<\/div>\n\t\t<div class=\"aux-input-group\">\n\t\t\t<p><label for=\"date\" class=\"my-label-2\">Yhteyspuhelinnumerosi?<\/label><br \/>\n<i class=\"aux-phone-icon\"><\/i><span class=\"wpcf7-form-control-wrap\" data-name=\"tel-56\"><input size=\"40\" maxlength=\"400\" class=\"wpcf7-form-control wpcf7-tel wpcf7-text wpcf7-validates-as-tel\" aria-invalid=\"false\" placeholder=\"puhelinnumero\" value=\"\" type=\"tel\" name=\"tel-56\" \/><\/span>\n\t\t\t<\/p>\n\t\t<\/div>\n\t\t<div class=\"aux-input-group\">\n\t\t\t<p><label for=\"out\" class=\"my-label-3\">S\u00e4hk\u00f6postiosoitteesi<\/label><br \/>\n<i class=\"aux-email-icon\"><\/i><span class=\"wpcf7-form-control-wrap\" data-name=\"email-360\"><input size=\"40\" maxlength=\"400\" class=\"wpcf7-form-control wpcf7-email wpcf7-text wpcf7-validates-as-email\" aria-invalid=\"false\" placeholder=\"s\u00e4hk\u00f6postiosoite\" value=\"\" type=\"email\" name=\"email-360\" \/><\/span>\n\t\t\t<\/p>\n\t\t<\/div>\n\t\t<p><span class=\"wpcf7-form-control-wrap\" data-name=\"Valikkastid\"><span class=\"wpcf7-form-control wpcf7-checkbox\"><span class=\"wpcf7-list-item first\"><label><input type=\"checkbox\" name=\"Valikkastid[]\" value=\"X ROT 70-EVO\" \/><span class=\"wpcf7-list-item-label\">X ROT 70-EVO<\/span><\/label><\/span><span class=\"wpcf7-list-item\"><label><input type=\"checkbox\" name=\"Valikkastid[]\" value=\"X ROT 80-EVO\" \/><span class=\"wpcf7-list-item-label\">X ROT 80-EVO<\/span><\/label><\/span><span class=\"wpcf7-list-item\"><label><input type=\"checkbox\" name=\"Valikkastid[]\" value=\"X ROT 95-EVO\" \/><span class=\"wpcf7-list-item-label\">X ROT 95-EVO<\/span><\/label><\/span><span class=\"wpcf7-list-item\"><label><input type=\"checkbox\" name=\"Valikkastid[]\" value=\"X FLAIL 80\" \/><span class=\"wpcf7-list-item-label\">X FLAIL 80<\/span><\/label><\/span><span class=\"wpcf7-list-item\"><label><input type=\"checkbox\" name=\"Valikkastid[]\" value=\"eROT 70-EVO\" \/><span class=\"wpcf7-list-item-label\">eROT 70-EVO<\/span><\/label><\/span><span class=\"wpcf7-list-item\"><label><input type=\"checkbox\" name=\"Valikkastid[]\" value=\"Lis\u00e4varusteet\" \/><span class=\"wpcf7-list-item-label\">Lis\u00e4varusteet<\/span><\/label><\/span><span class=\"wpcf7-list-item last\"><label><input type=\"checkbox\" name=\"Valikkastid[]\" value=\"Huolto\/korjaus\" \/><span class=\"wpcf7-list-item-label\">Huolto\/korjaus<\/span><\/label><\/span><\/span><\/span>\n\t\t<\/p>\n\t<\/div>\n\t<p><span class=\"wpcf7-form-control-wrap\" data-name=\"textarea-855\"><textarea cols=\"40\" rows=\"10\" maxlength=\"2000\" class=\"wpcf7-form-control wpcf7-textarea\" aria-invalid=\"false\" name=\"textarea-855\"><\/textarea><\/span>\n\t<\/p>\n<\/div>\n<div class=\"aux-button-submit\">\n\t<p><button type=\"submit\">L\u00e4het\u00e4 pyynt\u00f6 <\/button>\n\t<\/p>\n<\/div> \n\n <div class=\"wpcf7-response-output\" aria-hidden=\"true\"><\/div>\n<\/form>\n<\/div>\n            <\/div>\r\n            \r\n            \t\t\t\t<\/div>\n\t\t\t\t<\/div>\n\t\t\t\t\t<\/div>\n\t\t<\/div>\n\t\t\t\t\t<\/div>\n\t\t<\/section>\n\t\t\t\t<\/div>\n\t\t","protected":false},"excerpt":{"rendered":"<p>Aiat\u00e4ht O\u00dc on BARBIERI GROUPin edustaja ja j\u00e4lleenmyyntikumppani Baltiassa. Hoidamme laitteiden myynnin sek\u00e4 kulutustarvikkeiden ja varaosien saatavuuden sek\u00e4 teknisen tuen. AIAT\u00c4HT O\u00dc Tuleviku tee 10, Peetri Raen kunta, Harjumaa, Viro www.slopemower.eu s\u00e4hk\u00f6posti info@slopemower.eu Puhelin ER 9-18 (+372) 512 0510 Aiat\u00e4ht O\u00dc rekisteritunnus: 11554463 ja ALV-numero: EE101266895 Pankki: AS SEB Bank IBAN-koodi: EE601010220092661010 SWIFT: EEUHEE2X Pankki: [&hellip;]<\/p>\n","protected":false},"author":1,"featured_media":0,"parent":0,"menu_order":0,"comment_status":"closed","ping_status":"closed","template":"templates\/page-builder-content.php","meta":{"footnotes":""},"class_list":["post-3960","page","type-page","status-publish","hentry"],"_links":{"self":[{"href":"https:\/\/slopemower.eu\/fi\/wp-json\/wp\/v2\/pages\/3960","targetHints":{"allow":["GET"]}}],"collection":[{"href":"https:\/\/slopemower.eu\/fi\/wp-json\/wp\/v2\/pages"}],"about":[{"href":"https:\/\/slopemower.eu\/fi\/wp-json\/wp\/v2\/types\/page"}],"author":[{"embeddable":true,"href":"https:\/\/slopemower.eu\/fi\/wp-json\/wp\/v2\/users\/1"}],"replies":[{"embeddable":true,"href":"https:\/\/slopemower.eu\/fi\/wp-json\/wp\/v2\/comments?post=3960"}],"version-history":[{"count":4,"href":"https:\/\/slopemower.eu\/fi\/wp-json\/wp\/v2\/pages\/3960\/revisions"}],"predecessor-version":[{"id":4820,"href":"https:\/\/slopemower.eu\/fi\/wp-json\/wp\/v2\/pages\/3960\/revisions\/4820"}],"wp:attachment":[{"href":"https:\/\/slopemower.eu\/fi\/wp-json\/wp\/v2\/media?parent=3960"}],"curies":[{"name":"wp","href":"https:\/\/api.w.org\/{rel}","templated":true}]}}