{"id":3976,"date":"2023-03-16T19:41:51","date_gmt":"2023-03-16T17:41:51","guid":{"rendered":"https:\/\/slopemower.eu\/blog\/"},"modified":"2023-09-22T20:17:48","modified_gmt":"2023-09-22T17:17:48","slug":"blog","status":"publish","type":"page","link":"https:\/\/slopemower.eu\/en\/blog\/","title":{"rendered":"Blog"},"content":{"rendered":"\t\t<div data-elementor-type=\"wp-page\" data-elementor-id=\"3976\" class=\"elementor elementor-3976 elementor-1182\">\n\t\t\t\t\t\t<section class=\"elementor-section elementor-top-section elementor-element elementor-element-6a66ecdc elementor-section-boxed elementor-section-height-default elementor-section-height-default exad-glass-effect-no exad-sticky-section-no\" data-id=\"6a66ecdc\" data-element_type=\"section\" data-e-type=\"section\">\n\t\t\t\t\t\t<div class=\"elementor-container elementor-column-gap-default\">\n\t\t\t\t\t<div class=\"aux-parallax-section elementor-column elementor-col-100 elementor-top-column elementor-element elementor-element-3fb65f8 exad-glass-effect-no exad-sticky-section-no\" data-id=\"3fb65f8\" data-element_type=\"column\" data-e-type=\"column\">\n\t\t\t<div class=\"elementor-widget-wrap elementor-element-populated\">\n\t\t\t\t\t\t<div class=\"elementor-element elementor-element-6bca7ed exad-sticky-section-no exad-glass-effect-no elementor-widget elementor-widget-heading\" data-id=\"6bca7ed\" data-element_type=\"widget\" data-e-type=\"widget\" data-widget_type=\"heading.default\">\n\t\t\t\t<div class=\"elementor-widget-container\">\n\t\t\t\t\t<h2 class=\"elementor-heading-title elementor-size-default\">Blog posts<\/h2>\t\t\t\t<\/div>\n\t\t\t\t<\/div>\n\t\t\t\t\t<\/div>\n\t\t<\/div>\n\t\t\t\t\t<\/div>\n\t\t<\/section>\n\t\t\t\t<section class=\"elementor-section elementor-top-section elementor-element elementor-element-c10b03f elementor-section-boxed elementor-section-height-default elementor-section-height-default exad-glass-effect-no exad-sticky-section-no\" data-id=\"c10b03f\" data-element_type=\"section\" data-e-type=\"section\">\n\t\t\t\t\t\t<div class=\"elementor-container elementor-column-gap-default\">\n\t\t\t\t\t<div class=\"aux-parallax-section elementor-column elementor-col-100 elementor-top-column elementor-element elementor-element-4968f3c exad-glass-effect-no exad-sticky-section-no\" data-id=\"4968f3c\" data-element_type=\"column\" data-e-type=\"column\">\n\t\t\t<div class=\"elementor-widget-wrap elementor-element-populated\">\n\t\t\t\t\t\t<div class=\"elementor-element elementor-element-f057da3 exad-sticky-section-no exad-glass-effect-no elementor-widget elementor-widget-aux_recent_posts_masonry\" data-id=\"f057da3\" data-element_type=\"widget\" data-e-type=\"widget\" data-settings=\"{&quot;columns&quot;:&quot;4&quot;,&quot;columns_tablet&quot;:&quot;inherit&quot;,&quot;columns_mobile&quot;:&quot;1&quot;}\" data-widget_type=\"aux_recent_posts_masonry.default\">\n\t\t\t\t<div class=\"elementor-widget-container\">\n\t\t\t\t\t<section class=\"widget-container aux-widget-recent-posts-masonry aux-column-post-entry aux-parent-au0ba777c2\"><div data-element-id=\"au0ba777c2\" class=\"aux-masonry-layout  aux-de-col4 aux-tb-col4 aux-mb-col1 aux-ajax-view \"><div class=\"aux-col aux-post-masonry post-4214\">\n                        <article class=\"post column-entry post-4214 type-post status-publish format-standard has-post-thumbnail hentry category-uncategorized tag-barbieri-en tag-barbieri-slope-mower-demo-latvia tag-remote-controlled-mower tag-slope-robot\">\n                                                        <div class=\"entry-media\"><div class=\"aux-media-frame aux-media-image aux-image-mask\"><a href=\"https:\/\/slopemower.eu\/en\/barbieri-slope-mower-demo-day-13-in-july-2023-latvia\/\"><img decoding=\"async\" src=\"https:\/\/slopemower.eu\/wp-content\/uploads\/2023\/07\/Nogazu-plaujmasinas-Barbieri-demo-diena-17.07.2023-Latvia-1024x682.jpg\" class=\"aux-attachment aux-featured-image attachment-1024x1024 aux-attachment-id-4201 \" alt=\"Nog\u0101\u017eu p\u013caujma\u0161\u012bnas Barbieri demo diena 17.07.2023 Latvia\" srcset=\"https:\/\/slopemower.eu\/wp-content\/uploads\/2023\/07\/Nogazu-plaujmasinas-Barbieri-demo-diena-17.07.2023-Latvia-150x100.jpg 150w,https:\/\/slopemower.eu\/wp-content\/uploads\/2023\/07\/Nogazu-plaujmasinas-Barbieri-demo-diena-17.07.2023-Latvia-300x200.jpg 300w,https:\/\/slopemower.eu\/wp-content\/uploads\/2023\/07\/Nogazu-plaujmasinas-Barbieri-demo-diena-17.07.2023-Latvia-768x512.jpg 768w,https:\/\/slopemower.eu\/wp-content\/uploads\/2023\/07\/Nogazu-plaujmasinas-Barbieri-demo-diena-17.07.2023-Latvia-1024x682.jpg 1024w,https:\/\/slopemower.eu\/wp-content\/uploads\/2023\/07\/Nogazu-plaujmasinas-Barbieri-demo-diena-17.07.2023-Latvia-1024x682.jpg 1024w,https:\/\/slopemower.eu\/wp-content\/uploads\/2023\/07\/Nogazu-plaujmasinas-Barbieri-demo-diena-17.07.2023-Latvia-1990x1990.jpg 1990w\" data-ratio=\"1\" data-original-w=\"2000\" sizes=\"(max-width:479px) 480px,(max-width:767px) 768px,(max-width:1023px) 1024px,1024px\" \/><\/a><\/div><\/div>\n                            \n                            <div class=\"entry-main\">\n                                                        \n                                <header class=\"entry-header\">\n                                \n                                    <h4 class=\"entry-title\">\n                                        <a href=\"https:\/\/slopemower.eu\/en\/barbieri-slope-mower-demo-day-13-in-july-2023-latvia\/\">\n                                            Barbieri slope mower demo day 13. in July 2023 Latvia                                        <\/a>\n                                    <\/h4>\n                                                                    <div class=\"entry-format\">\n                                        <a href=\"https:\/\/slopemower.eu\/en\/barbieri-slope-mower-demo-day-13-in-july-2023-latvia\/\">\n                                            <div class=\"post-format format-\"> <\/div>\n                                        <\/a>\n                                    <\/div>\n                                <\/header>\n                                                            \n                                <div class=\"entry-info\">\n                                                                    <div class=\"entry-date\">\n                                        <a href=\"https:\/\/slopemower.eu\/en\/barbieri-slope-mower-demo-day-13-in-july-2023-latvia\/\">\n                                            <time datetime=\"2023-07-23T04:09:12+03:00\" title=\"2023-07-23T04:09:12+03:00\" >23. Jul 2023<\/time>\n                                        <\/a>\n                                    <\/div>\n                                                                                                                                                                                                        <\/div>\n                            \n                                                            <div class=\"entry-content\">\n                                                                            <p>\u0160aj\u0101 ceturtdien\u0101 13. j\u016blij\u0101 uz Dreili\u0146kalna (taut\u0101 \"U\u0161akova kepka\") demonstr\u0113j\u0101m nog\u0101\u017eu p\u013caujma\u0161\u012bnas-robotus Barbieri (It\u0101lija) un Weidemann iekr\u0101v\u0113jus ar p\u013caujma\u0161\u012bnu-mul\u010deru un slotam.\n\nThe Barbieri robot is a lightweig ...<\/p><div class=\"clear\"><\/div>                                <\/div>\n                                                        \n                            <\/div>\n\n                        <\/article>\n<\/div><div class=\"aux-col aux-post-masonry post-3748\">\n                        <article class=\"post column-entry post-3748 type-post status-publish format-standard has-post-thumbnail hentry category-uncategorized\">\n                                                        <div class=\"entry-media\"><div class=\"aux-media-frame aux-media-image aux-image-mask\"><a href=\"https:\/\/slopemower.eu\/en\/maintenance-of-green-areas-of-solar-parks-and-solar-panels\/\"><img decoding=\"async\" src=\"https:\/\/slopemower.eu\/wp-content\/uploads\/2023\/06\/paikesepargi-hooldus-solar-panel-paikesepaneelid.jpg\" class=\"aux-attachment aux-featured-image attachment-612x408 aux-attachment-id-3660 \" alt=\"Solar panel, photovoltaic, alternative electricity source - concept of sustainable resources\" srcset=\"https:\/\/slopemower.eu\/wp-content\/uploads\/2023\/06\/paikesepargi-hooldus-solar-panel-paikesepaneelid-150x100.jpg 150w,https:\/\/slopemower.eu\/wp-content\/uploads\/2023\/06\/paikesepargi-hooldus-solar-panel-paikesepaneelid-300x200.jpg 300w,https:\/\/slopemower.eu\/wp-content\/uploads\/2023\/06\/paikesepargi-hooldus-solar-panel-paikesepaneelid.jpg 612w,https:\/\/slopemower.eu\/wp-content\/uploads\/2023\/06\/paikesepargi-hooldus-solar-panel-paikesepaneelid-602x602.jpg 602w\" data-ratio=\"1\" data-original-w=\"612\" sizes=\"(max-width:479px) 480px,(max-width:767px) 768px,(max-width:1023px) 1024px,612px\" \/><\/a><\/div><\/div>\n                            \n                            <div class=\"entry-main\">\n                                                        \n                                <header class=\"entry-header\">\n                                \n                                    <h4 class=\"entry-title\">\n                                        <a href=\"https:\/\/slopemower.eu\/en\/maintenance-of-green-areas-of-solar-parks-and-solar-panels\/\">\n                                            Maintenance of green areas of solar parks and solar panels                                        <\/a>\n                                    <\/h4>\n                                                                    <div class=\"entry-format\">\n                                        <a href=\"https:\/\/slopemower.eu\/en\/maintenance-of-green-areas-of-solar-parks-and-solar-panels\/\">\n                                            <div class=\"post-format format-\"> <\/div>\n                                        <\/a>\n                                    <\/div>\n                                <\/header>\n                                                            \n                                <div class=\"entry-info\">\n                                                                    <div class=\"entry-date\">\n                                        <a href=\"https:\/\/slopemower.eu\/en\/maintenance-of-green-areas-of-solar-parks-and-solar-panels\/\">\n                                            <time datetime=\"2023-06-30T15:32:21+03:00\" title=\"2023-06-30T15:32:21+03:00\" >30. Jun 2023<\/time>\n                                        <\/a>\n                                    <\/div>\n                                                                                                                                                                                                        <\/div>\n                            \n                                                            <div class=\"entry-content\">\n                                                                            <p>In order for the productivity of solar energy and the power of the solar panels to be maximum, it is necessary to carry out both the inspection of the equipment itself and the maintenance of the ground area under the pan ...<\/p><div class=\"clear\"><\/div>                                <\/div>\n                                                        \n                            <\/div>\n\n                        <\/article>\n<\/div><div class=\"aux-col aux-post-masonry post-4121\">\n                        <article class=\"post column-entry post-4121 type-post status-publish format-standard has-post-thumbnail hentry category-uncategorized\">\n                                                        <div class=\"entry-media\"><div class=\"aux-media-frame aux-media-image aux-image-mask\"><a href=\"https:\/\/slopemower.eu\/en\/video-from-the-demo-day-in-estonia-on-13-06-2023\/\"><img decoding=\"async\" src=\"https:\/\/slopemower.eu\/wp-content\/uploads\/2023\/06\/1-1024x768.jpg\" class=\"aux-attachment aux-featured-image attachment-1024x1024 aux-attachment-id-3659 \" alt=\"1\" srcset=\"https:\/\/slopemower.eu\/wp-content\/uploads\/2023\/06\/1-150x113.jpg 150w,https:\/\/slopemower.eu\/wp-content\/uploads\/2023\/06\/1-300x225.jpg 300w,https:\/\/slopemower.eu\/wp-content\/uploads\/2023\/06\/1-768x576.jpg 768w,https:\/\/slopemower.eu\/wp-content\/uploads\/2023\/06\/1-1024x768.jpg 1024w,https:\/\/slopemower.eu\/wp-content\/uploads\/2023\/06\/1-1024x768.jpg 1024w,https:\/\/slopemower.eu\/wp-content\/uploads\/2023\/06\/1-2006x2006.jpg 2006w\" data-ratio=\"1\" data-original-w=\"2016\" sizes=\"(max-width:479px) 480px,(max-width:767px) 768px,(max-width:1023px) 1024px,1024px\" \/><\/a><\/div><\/div>\n                            \n                            <div class=\"entry-main\">\n                                                        \n                                <header class=\"entry-header\">\n                                \n                                    <h4 class=\"entry-title\">\n                                        <a href=\"https:\/\/slopemower.eu\/en\/video-from-the-demo-day-in-estonia-on-13-06-2023\/\">\n                                            VIDEO from the demo day in Estonia on 13.06.2023                                        <\/a>\n                                    <\/h4>\n                                                                    <div class=\"entry-format\">\n                                        <a href=\"https:\/\/slopemower.eu\/en\/video-from-the-demo-day-in-estonia-on-13-06-2023\/\">\n                                            <div class=\"post-format format-\"> <\/div>\n                                        <\/a>\n                                    <\/div>\n                                <\/header>\n                                                            \n                                <div class=\"entry-info\">\n                                                                    <div class=\"entry-date\">\n                                        <a href=\"https:\/\/slopemower.eu\/en\/video-from-the-demo-day-in-estonia-on-13-06-2023\/\">\n                                            <time datetime=\"2023-06-27T04:35:20+03:00\" title=\"2023-06-27T04:35:20+03:00\" >27. Jun 2023<\/time>\n                                        <\/a>\n                                    <\/div>\n                                                                                                                                                                                                        <\/div>\n                            \n                                                            <div class=\"entry-content\">\n                                                                            <p>\n\nWe would like to thank all the participants of the demo day and of course Viljar, the creator of the video summary!\n\nUntil the next demos!\n\nAre you interested in Barbieri slope mowers? Feel free to ask for more informa ...<\/p><div class=\"clear\"><\/div>                                <\/div>\n                                                        \n                            <\/div>\n\n                        <\/article>\n<\/div><\/div><\/section><!-- widget-container -->\t\t\t\t<\/div>\n\t\t\t\t<\/div>\n\t\t\t\t\t<\/div>\n\t\t<\/div>\n\t\t\t\t\t<\/div>\n\t\t<\/section>\n\t\t\t\t<\/div>\n\t\t","protected":false},"excerpt":{"rendered":"<p>Blog posts 13.juuli Barbieri n\u00f5lva- ja hooldusniidukite demop\u00e4ev juuli 2023 L\u00e4tis 23. juuli 2023 | Edit Demo toimus neljap\u00e4eval 13.juuli. Demonstreerisime Dreili\u0146kalnsil (rahvasuus tuntud kui kohana &#8220;U\u0161akova kepka&#8221;) kaugjuhitavaid n\u00f5lvaniidukeid Barbieri (Itaalia) ja Weidemann laadureid koos niiduki-mult\u0161i ja harjaga. N &#8230; P\u00e4ikeseparkide ja p\u00e4ikesepaneelide ala hooldus 30. juuni 2023 | Edit Et p\u00e4ikeseenergia tootlikkus ja [&hellip;]<\/p>\n","protected":false},"author":1,"featured_media":0,"parent":0,"menu_order":0,"comment_status":"closed","ping_status":"closed","template":"","meta":{"footnotes":""},"class_list":["post-3976","page","type-page","status-publish","hentry"],"_links":{"self":[{"href":"https:\/\/slopemower.eu\/en\/wp-json\/wp\/v2\/pages\/3976","targetHints":{"allow":["GET"]}}],"collection":[{"href":"https:\/\/slopemower.eu\/en\/wp-json\/wp\/v2\/pages"}],"about":[{"href":"https:\/\/slopemower.eu\/en\/wp-json\/wp\/v2\/types\/page"}],"author":[{"embeddable":true,"href":"https:\/\/slopemower.eu\/en\/wp-json\/wp\/v2\/users\/1"}],"replies":[{"embeddable":true,"href":"https:\/\/slopemower.eu\/en\/wp-json\/wp\/v2\/comments?post=3976"}],"version-history":[{"count":2,"href":"https:\/\/slopemower.eu\/en\/wp-json\/wp\/v2\/pages\/3976\/revisions"}],"predecessor-version":[{"id":4442,"href":"https:\/\/slopemower.eu\/en\/wp-json\/wp\/v2\/pages\/3976\/revisions\/4442"}],"wp:attachment":[{"href":"https:\/\/slopemower.eu\/en\/wp-json\/wp\/v2\/media?parent=3976"}],"curies":[{"name":"wp","href":"https:\/\/api.w.org\/{rel}","templated":true}]}}